{"id":11364,"date":"2025-06-27T15:41:20","date_gmt":"2025-06-27T13:41:20","guid":{"rendered":"https:\/\/spicytunisiantours.novprojet.com\/?page_id=11364"},"modified":"2025-11-10T13:47:10","modified_gmt":"2025-11-10T11:47:10","slug":"termes-et-conditions","status":"publish","type":"page","link":"https:\/\/spicytunisiantours.com\/cs\/termes-et-conditions\/","title":{"rendered":"Podm\u00ednky a ujedn\u00e1n\u00ed"},"content":{"rendered":"<div data-elementor-type=\"wp-page\" data-elementor-id=\"11364\" class=\"elementor elementor-11364\" data-elementor-post-type=\"page\">\n\t\t\t\t\t\t<section class=\"elementor-section elementor-top-section elementor-element elementor-element-6eefbed9 elementor-section-boxed elementor-section-height-default elementor-section-height-default\" data-id=\"6eefbed9\" data-element_type=\"section\">\n\t\t\t\t\t\t<div class=\"elementor-container elementor-column-gap-default\">\n\t\t\t\t\t<div class=\"elementor-column elementor-col-100 elementor-top-column elementor-element elementor-element-74b080c1\" data-id=\"74b080c1\" data-element_type=\"column\">\n\t\t\t<div class=\"elementor-widget-wrap elementor-element-populated\">\n\t\t\t\t\t\t<div class=\"elementor-element elementor-element-447f31ae elementor-widget elementor-widget-text-editor\" data-id=\"447f31ae\" data-element_type=\"widget\" data-widget_type=\"text-editor.default\">\n\t\t\t\t<div class=\"elementor-widget-container\">\n\t\t\t\t\t\t\t\t\t<h1 data-start=\"244\" data-end=\"269\">Podm\u00ednky<\/h1>\n<p data-start=\"270\" data-end=\"311\"><strong data-start=\"270\" data-end=\"311\">Posledn\u00ed aktualizace: 27.06.2025<\/strong><\/p>\n<p data-start=\"313\" data-end=\"582\" class=\"translation-block\">V\u00edtejte na webu <strong>Spicy Tunisian Tours<\/strong>, agentury specializovan\u00e9 na organizaci exkurz\u00ed a turistick\u00fdch z\u00e1\u017eitk\u016f v Tunisku. P\u0159\u00edstupem na na\u0161e str\u00e1nky a rezervac\u00ed aktivity prost\u0159ednictv\u00edm na\u0161ich slu\u017eeb souhlas\u00edte s n\u00e1sleduj\u00edc\u00edmi podm\u00ednkami.<\/p>\n\n\n<hr data-start=\"584\" data-end=\"587\" \/>\n\n<h2 data-start=\"589\" data-end=\"619\">1. Poskytovan\u00e9 slu\u017eby<\/h2>\n<p data-start=\"621\" data-end=\"882\">Spicy Tunisian Tours p\u016fsob\u00ed jako organiz\u00e1tor turistick\u00fdch aktivit ve spolupr\u00e1ci s n\u011bkolika m\u00edstn\u00edmi cestovn\u00edmi kancel\u00e1\u0159emi. Na\u0161e nab\u00eddky zahrnuj\u00ed mimo jin\u00e9 v\u00fdlety, kulturn\u00ed okruhy, volno\u010dasov\u00e9 aktivity a turistick\u00e9 transfery.<\/p>\n<p data-start=\"884\" data-end=\"992\">Slu\u017eby mohou b\u00fdt provozov\u00e1ny p\u0159\u00edmo n\u00e1mi nebo na\u0161imi pe\u010dliv\u011b vybran\u00fdmi partnery.<\/p>\n\n\n<hr data-start=\"994\" data-end=\"997\" \/>\n\n<h2 data-start=\"999\" data-end=\"1029\">2. Rezervace a platba<\/h2>\n<ul data-start=\"1031\" data-end=\"1282\">\n \t<li data-start=\"1031\" data-end=\"1106\">\n<p data-start=\"1033\" data-end=\"1106\">V\u0161echny rezervace mus\u00ed b\u00fdt potvrzeny prost\u0159ednictv\u00edm na\u0161ich webov\u00fdch str\u00e1nek nebo jednoho z na\u0161ich agent\u016f.<\/p>\n<\/li>\n \t<li data-start=\"1107\" data-end=\"1191\">\n<p data-start=\"1109\" data-end=\"1191\">Platba m\u016f\u017ee b\u00fdt vy\u017eadov\u00e1na cel\u00e1 nebo \u010d\u00e1ste\u010dn\u011b k zaji\u0161t\u011bn\u00ed rezervace.<\/p>\n<\/li>\n \t<li data-start=\"1192\" data-end=\"1282\">\n<p data-start=\"1194\" data-end=\"1282\">Zobrazovan\u00e9 ceny jsou v tunisk\u00fdch din\u00e1rech (TND) nebo v eurech, podle p\u016fvodu klienta.<\/p>\n<\/li>\n<\/ul>\n\n<hr data-start=\"1284\" data-end=\"1287\" \/>\n\n<h2 data-start=\"1289\" data-end=\"1323\">3. Storno a refundace<\/h2>\n<ul data-start=\"1325\" data-end=\"1674\">\n \t<li data-start=\"1325\" data-end=\"1531\">\n<p data-start=\"1327\" data-end=\"1362\">V p\u0159\u00edpad\u011b storna ze strany klienta:<\/p>\n\n<ul data-start=\"1365\" data-end=\"1531\">\n \t<li data-start=\"1365\" data-end=\"1419\">\n<p data-start=\"1367\" data-end=\"1419\">V\u00edce ne\u017e 7 dn\u00ed p\u0159ed datem: pln\u00e1 refundace.<\/p>\n<\/li>\n \t<li data-start=\"1422\" data-end=\"1471\">\n<p data-start=\"1424\" data-end=\"1471\">M\u00e9n\u011b ne\u017e 7 dn\u00ed p\u0159edem: zadr\u017eeno 50 % poplatku.<\/p>\n<\/li>\n \t<li data-start=\"1474\" data-end=\"1531\">\n<p data-start=\"1476\" data-end=\"1531\">M\u00e9n\u011b ne\u017e 48 hodin nebo nedostaven\u00ed se: \u017e\u00e1dn\u00e1 refundace.<\/p>\n<\/li>\n<\/ul>\n<\/li>\n \t<li data-start=\"1533\" data-end=\"1674\">\n<p data-start=\"1535\" data-end=\"1674\">V p\u0159\u00edpad\u011b zru\u0161en\u00ed ze strany Spicy Tunisian Tours (po\u010das\u00ed, vy\u0161\u0161\u00ed moc atd.) bude nab\u00eddnuto p\u0159elo\u017een\u00ed nebo pln\u00e1 refundace.<\/p>\n<\/li>\n<\/ul>\n\n<hr data-start=\"1676\" data-end=\"1679\" \/>\n\n<h2 data-start=\"1681\" data-end=\"1702\">4. Odpov\u011bdnost<\/h2>\n<p data-start=\"1704\" data-end=\"1854\">Spicy Tunisian Tours nenese odpov\u011bdnost za incidenty, ztr\u00e1ty, zpo\u017ed\u011bn\u00ed nebo \u0161kody zp\u016fsoben\u00e9 t\u0159et\u00edmi stranami nebo partnersk\u00fdmi poskytovateli.<\/p>\n<p data-start=\"1856\" data-end=\"1954\">\u00da\u010dastn\u00edci jsou odpov\u011bdn\u00ed za sv\u00e9 vlastn\u00ed cestovn\u00ed poji\u0161t\u011bn\u00ed, zdrav\u00ed a osobn\u00ed bezpe\u010dnost.<\/p>\n\n\n<hr data-start=\"1956\" data-end=\"1959\" \/>\n\n<h2 data-start=\"1961\" data-end=\"1988\">5. Osobn\u00ed \u00fadaje<\/h2>\n<p data-start=\"1990\" data-end=\"2207\">Data shrom\u00e1\u017ed\u011bn\u00e1 prost\u0159ednictv\u00edm na\u0161ich webov\u00fdch str\u00e1nek (formul\u00e1\u0159e, rezervace atd.) jsou zpracov\u00e1v\u00e1na d\u016fv\u011brn\u011b. Pou\u017e\u00edvaj\u00ed se v\u00fdhradn\u011b k zaji\u0161t\u011bn\u00ed \u0159\u00e1dn\u00e9ho poskytov\u00e1n\u00ed slu\u017eeb a nikdy nejsou prod\u00e1v\u00e1na t\u0159et\u00edm stran\u00e1m.<\/p>\n\n\n<hr data-start=\"2209\" data-end=\"2212\" \/>\n\n<h2 data-start=\"2214\" data-end=\"2245\">6. Du\u0161evn\u00ed vlastnictv\u00ed<\/h2>\n<p data-start=\"2247\" data-end=\"2415\">Ve\u0161ker\u00fd obsah na t\u00e9to str\u00e1nce (texty, obr\u00e1zky, loga atd.) je majetkem Spicy Tunisian Tours a nesm\u00ed b\u00fdt reprodukov\u00e1n bez p\u0159edchoz\u00edho svolen\u00ed.<\/p>\n\n\n<hr data-start=\"2417\" data-end=\"2420\" \/>\n\n<h2 data-start=\"2422\" data-end=\"2445\">7. Pou\u017eiteln\u00e9 pr\u00e1vo<\/h2>\n<p data-start=\"2447\" data-end=\"2616\">Tyto podm\u00ednky se \u0159\u00edd\u00ed tunisk\u00fdm pr\u00e1vem. Jak\u00fdkoli spor t\u00fdkaj\u00edc\u00ed se jejich v\u00fdkladu nebo pln\u011bn\u00ed bude spadat pod pravomoc soud\u016f v Tunisu.<\/p>\n\n<h2 data-start=\"2422\" data-end=\"2445\">8. Design and Development<\/h2>\n<p data-start=\"2447\" data-end=\"2616\">\n  <a title=\"Web Agency in Tunis\" href=\"https:\/\/www.novatis.tn\" target=\"_blank\" rel=\"noopener noreferrer\">\n    <strong>Web Agency in Tunis \u2013 Novatis<\/strong>\n  <\/a>\n<\/p>\n\t\t\t\t\t\t\t\t<\/div>\n\t\t\t\t<\/div>\n\t\t\t\t\t<\/div>\n\t\t<\/div>\n\t\t\t\t\t<\/div>\n\t\t<\/section>\n\t\t\t\t<\/div>","protected":false},"excerpt":{"rendered":"<p>Termes et Conditions Derni\u00e8re mise \u00e0 jour : 27\/06\/2025 Bienvenue sur le site de Spicy Tunisian Tours, une agence sp\u00e9cialis\u00e9e dans l\u2019organisation d\u2019excursions et d\u2019exp\u00e9riences touristiques en Tunisie. En acc\u00e9dant \u00e0 notre site et en r\u00e9servant une activit\u00e9 via nos services, vous acceptez les termes et conditions suivants. 1. Prestations de services Spicy Tunisian Tours [&hellip;]<\/p>","protected":false},"author":1,"featured_media":0,"parent":0,"menu_order":0,"comment_status":"closed","ping_status":"closed","template":"","meta":{"footnotes":""},"class_list":["post-11364","page","type-page","status-publish","has-post-thumbnail","hentry"],"_links":{"self":[{"href":"https:\/\/spicytunisiantours.com\/cs\/wp-json\/wp\/v2\/pages\/11364","targetHints":{"allow":["GET"]}}],"collection":[{"href":"https:\/\/spicytunisiantours.com\/cs\/wp-json\/wp\/v2\/pages"}],"about":[{"href":"https:\/\/spicytunisiantours.com\/cs\/wp-json\/wp\/v2\/types\/page"}],"author":[{"embeddable":true,"href":"https:\/\/spicytunisiantours.com\/cs\/wp-json\/wp\/v2\/users\/1"}],"replies":[{"embeddable":true,"href":"https:\/\/spicytunisiantours.com\/cs\/wp-json\/wp\/v2\/comments?post=11364"}],"version-history":[{"count":0,"href":"https:\/\/spicytunisiantours.com\/cs\/wp-json\/wp\/v2\/pages\/11364\/revisions"}],"wp:attachment":[{"href":"https:\/\/spicytunisiantours.com\/cs\/wp-json\/wp\/v2\/media?parent=11364"}],"curies":[{"name":"wp","href":"https:\/\/api.w.org\/{rel}","templated":true}]}}