{"id":11378,"date":"2025-06-27T15:57:51","date_gmt":"2025-06-27T13:57:51","guid":{"rendered":"https:\/\/spicytunisiantours.novprojet.com\/?page_id=11378"},"modified":"2025-06-27T15:59:09","modified_gmt":"2025-06-27T13:59:09","slug":"assurance-voyage","status":"publish","type":"page","link":"https:\/\/spicytunisiantours.com\/cs\/assurance-voyage\/","title":{"rendered":"Cestovn\u00ed poji\u0161t\u011bn\u00ed"},"content":{"rendered":"<h1 data-start=\"200\" data-end=\"221\">Cestovn\u00ed poji\u0161t\u011bn\u00ed<\/h1>\n<p data-start=\"222\" data-end=\"265\"><strong data-start=\"222\" data-end=\"265\">Chra\u0148te svou cestu s klidem<\/strong><\/p>\n<p data-start=\"267\" data-end=\"496\" class=\"translation-block\">Ve <strong>Spicy Tunisian Tours<\/strong> je bezpe\u010dnost a klid na\u0161ich klient\u016f prioritou. Proto v\u0161em cestovatel\u016fm d\u016frazn\u011b doporu\u010dujeme, aby si p\u0159ed p\u0159\u00edjezdem do Tuniska sjednali <strong>cestovn\u00ed poji\u0161t\u011bn\u00ed<\/strong>.<\/p>\n<hr data-start=\"498\" data-end=\"501\" \/>\n<h2 data-start=\"503\" data-end=\"558\">Pro\u010d je cestovn\u00ed poji\u0161t\u011bn\u00ed d\u016fle\u017eit\u00e9?<\/h2>\n<p data-start=\"560\" data-end=\"662\">Cestovn\u00ed poji\u0161t\u011bn\u00ed v\u00e1s chr\u00e1n\u00ed p\u0159ed nep\u0159edv\u00eddan\u00fdmi ud\u00e1lostmi, kter\u00e9 mohou nastat p\u0159ed nebo b\u011bhem va\u0161eho pobytu:<\/p>\n<ul data-start=\"664\" data-end=\"886\">\n<li data-start=\"664\" data-end=\"707\">\n<p data-start=\"666\" data-end=\"707\">\ud83d\udccc Zru\u0161en\u00ed nebo zm\u011bna cesty<\/p>\n<\/li>\n<li data-start=\"708\" data-end=\"753\">\n<p data-start=\"710\" data-end=\"753\">\ud83e\uddf3 Ztr\u00e1ta, kr\u00e1de\u017e nebo po\u0161kozen\u00ed zavazadel<\/p>\n<\/li>\n<li data-start=\"754\" data-end=\"796\">\n<p data-start=\"756\" data-end=\"796\">\ud83c\udfe5 L\u00e9ka\u0159sk\u00e1 pomoc a repatriace<\/p>\n<\/li>\n<li data-start=\"797\" data-end=\"844\">\n<p data-start=\"799\" data-end=\"844\">\ud83d\ude91 Nehoda nebo hospitalizace v zahrani\u010d\u00ed<\/p>\n<\/li>\n<li data-start=\"845\" data-end=\"886\">\n<p data-start=\"847\" data-end=\"886\">\u23f1 Zpo\u017ed\u011bn\u00ed nebo p\u0159eru\u0161en\u00ed dopravy<\/p>\n<\/li>\n<\/ul>\n<hr data-start=\"888\" data-end=\"891\" \/>\n<h2 data-start=\"893\" data-end=\"948\">Co kryjeme (a na co byste m\u011bli b\u00fdt p\u0159ipraveni)<\/h2>\n<p data-start=\"950\" data-end=\"1165\" class=\"translation-block\"><strong>Spicy Tunisian Tours<\/strong> p\u0159\u00edmo nenab\u00edz\u00ed smlouvy o cestovn\u00edm poji\u0161t\u011bn\u00ed. Nicm\u00e9n\u011b spolupracujeme s d\u016fv\u011bryhodn\u00fdmi partnery a v p\u0159\u00edpad\u011b pot\u0159eby v\u00e1s m\u016f\u017eeme nasm\u011brovat k spolehliv\u00fdm poskytovatel\u016fm.<\/p>\n<p data-start=\"1167\" data-end=\"1381\">\u27a1\ufe0f Il est de votre responsabilit\u00e9 de souscrire \u00e0 une <strong data-start=\"1220\" data-end=\"1256\">assurance adapt\u00e9e \u00e0 votre profil<\/strong> avant le d\u00e9part, notamment si vous participez \u00e0 des activit\u00e9s sportives, randonn\u00e9es, circuits hors des sentiers battus, etc.<\/p>\n<hr data-start=\"1383\" data-end=\"1386\" \/>\n<h2 data-start=\"1388\" data-end=\"1408\">V p\u0159\u00edpad\u011b nouze<\/h2>\n<p data-start=\"1410\" data-end=\"1626\">V p\u0159\u00edpad\u011b incidentu b\u011bhem va\u0161\u00ed exkurze n\u00e1\u0161 m\u00edstn\u00ed t\u00fdm ud\u011bl\u00e1 v\u0161e pro to, aby v\u00e1s podpo\u0159il, pomohl v\u00e1m a v p\u0159\u00edpad\u011b pot\u0159eby kontaktoval va\u0161e poji\u0161t\u011bn\u00ed. Doporu\u010dujeme v\u00e1m m\u00edt v\u017edy u sebe:<\/p>\n<ul data-start=\"1628\" data-end=\"1783\">\n<li data-start=\"1628\" data-end=\"1669\">\n<p data-start=\"1630\" data-end=\"1669\" class=\"translation-block\">Va\u0161e <strong>\u010d\u00edslo pojistn\u00e9 smlouvy<\/strong><\/p>\n<\/li>\n<li data-start=\"1670\" data-end=\"1716\">\n<p data-start=\"1672\" data-end=\"1716\" class=\"translation-block\"><strong>Nouzov\u00e9 kontakty va\u0161eho pojistitele<\/strong><\/p>\n<\/li>\n<li data-start=\"1717\" data-end=\"1783\">\n<p data-start=\"1719\" data-end=\"1783\" class=\"translation-block\"><strong>Kopie va\u0161eho pasu a zdravotn\u00ed dokumentace, pokud je to relevantn\u00ed<\/strong><\/p>\n<\/li>\n<\/ul>\n<hr data-start=\"1785\" data-end=\"1788\" \/>\n<h2 data-start=\"1790\" data-end=\"1809\">Pot\u0159ebujete pomoc?<\/h2>\n<p data-start=\"1811\" data-end=\"2018\">Pokud m\u00e1te jak\u00e9koli dotazy ohledn\u011b poji\u0161t\u011bn\u00ed, nev\u00e1hejte n\u00e1s kontaktovat p\u0159ed odjezdem. R\u00e1di v\u00e1m porad\u00edme a nasm\u011brujeme v\u00e1s podle va\u0161\u00ed destinace a rezervovan\u00fdch aktivit.<\/p>\n<hr data-start=\"2020\" data-end=\"2023\" \/>\n<p data-start=\"2025\" data-end=\"2094\"><strong data-start=\"2025\" data-end=\"2049\">Spicy Tunisian Tours<\/strong> \u2013 Prozkoumejte Tunisko s d\u016fv\u011brou \ud83c\udf0d<\/p>","protected":false},"excerpt":{"rendered":"<p>Assurance Voyage Prot\u00e9gez votre voyage en toute s\u00e9r\u00e9nit\u00e9 Chez Spicy Tunisian Tours, la s\u00e9curit\u00e9 et la tranquillit\u00e9 de nos clients sont une priorit\u00e9. C\u2019est pourquoi nous recommandons vivement \u00e0 tous les voyageurs de souscrire \u00e0 une assurance voyage avant leur arriv\u00e9e en Tunisie. Pourquoi une assurance voyage est-elle importante ? Une assurance voyage vous prot\u00e8ge [&hellip;]<\/p>","protected":false},"author":1,"featured_media":0,"parent":0,"menu_order":0,"comment_status":"closed","ping_status":"closed","template":"template-blank.php","meta":{"footnotes":""},"class_list":["post-11378","page","type-page","status-publish","has-post-thumbnail","hentry"],"_links":{"self":[{"href":"https:\/\/spicytunisiantours.com\/cs\/wp-json\/wp\/v2\/pages\/11378","targetHints":{"allow":["GET"]}}],"collection":[{"href":"https:\/\/spicytunisiantours.com\/cs\/wp-json\/wp\/v2\/pages"}],"about":[{"href":"https:\/\/spicytunisiantours.com\/cs\/wp-json\/wp\/v2\/types\/page"}],"author":[{"embeddable":true,"href":"https:\/\/spicytunisiantours.com\/cs\/wp-json\/wp\/v2\/users\/1"}],"replies":[{"embeddable":true,"href":"https:\/\/spicytunisiantours.com\/cs\/wp-json\/wp\/v2\/comments?post=11378"}],"version-history":[{"count":0,"href":"https:\/\/spicytunisiantours.com\/cs\/wp-json\/wp\/v2\/pages\/11378\/revisions"}],"wp:attachment":[{"href":"https:\/\/spicytunisiantours.com\/cs\/wp-json\/wp\/v2\/media?parent=11378"}],"curies":[{"name":"wp","href":"https:\/\/api.w.org\/{rel}","templated":true}]}}