{"id":11385,"date":"2025-06-27T16:03:12","date_gmt":"2025-06-27T14:03:12","guid":{"rendered":"https:\/\/spicytunisiantours.novprojet.com\/?page_id=11385"},"modified":"2025-08-01T10:03:47","modified_gmt":"2025-08-01T08:03:47","slug":"taux-de-change","status":"publish","type":"page","link":"https:\/\/spicytunisiantours.com\/cs\/taux-de-change\/","title":{"rendered":"Sm\u011bnn\u00fd kurz"},"content":{"rendered":"<h1 data-start=\"183\" data-end=\"202\">Sm\u011bnn\u00fd kurz<\/h1>\n<p data-start=\"203\" data-end=\"244\"><strong data-start=\"203\" data-end=\"244\">P\u0159ipravte si rozpo\u010det na Tunisko<\/strong><\/p>\n<p data-start=\"246\" data-end=\"422\" class=\"translation-block\">P\u0159i cestov\u00e1n\u00ed do Tuniska je d\u016fle\u017eit\u00e9 zn\u00e1t sm\u011bnn\u00e9 kurzy, abyste mohli l\u00e9pe spravovat sv\u00e9 v\u00fddaje na m\u00edst\u011b. M\u00edstn\u00ed m\u011bnou je <strong>tunisk\u00fd din\u00e1r (TND)<\/strong>.<\/p>\n<hr data-start=\"424\" data-end=\"427\" \/>\n<h2 data-start=\"429\" data-end=\"450\">\ud83d\udcb1 M\u00edstn\u00ed m\u011bna<\/h2>\n<ul data-start=\"452\" data-end=\"640\">\n<li data-start=\"452\" data-end=\"480\">\n<p data-start=\"454\" data-end=\"480\" class=\"translation-block\"><strong>N\u00e1zev<\/strong>: Tunisk\u00fd din\u00e1r<\/p>\n<\/li>\n<li data-start=\"481\" data-end=\"509\">\n<p data-start=\"483\" data-end=\"509\" class=\"translation-block\"><strong>Symbol<\/strong>: \u062f.\u062a nebo TND<\/p>\n<\/li>\n<li data-start=\"510\" data-end=\"549\">\n<p data-start=\"512\" data-end=\"549\" class=\"translation-block\"><strong>Jednotka<\/strong>: 1 din\u00e1r = 1000 millim\u016f<\/p>\n<\/li>\n<li data-start=\"550\" data-end=\"606\">\n<p data-start=\"552\" data-end=\"606\">Mince: 100, 200, 500 millim\u016f \/ 1, 2, 5 din\u00e1r\u016f<\/p>\n<\/li>\n<li data-start=\"607\" data-end=\"640\">\n<p data-start=\"609\" data-end=\"640\">Bankovky: 10, 20, 50 din\u00e1r\u016f<\/p>\n<\/li>\n<\/ul>\n<hr data-start=\"642\" data-end=\"645\" \/>\n<h2 data-start=\"647\" data-end=\"688\">\ud83d\udcb6 Sm\u011bnn\u00fd kurz (orienta\u010dn\u011b)<\/h2>\n<p data-start=\"690\" data-end=\"802\">Zde je odhad aktu\u00e1ln\u00edch sm\u011bnn\u00fdch kurz\u016f (p\u0159ibli\u017en\u00e9 hodnoty \u2013 ov\u011b\u0159te je v den odjezdu):<\/p>\n<div class=\"_tableContainer_16hzy_1\">\n<div class=\"_tableWrapper_16hzy_14 group flex w-fit flex-col-reverse\" tabindex=\"-1\">\n<table class=\"w-fit min-w-(--thread-content-width)\" data-start=\"804\" data-end=\"1019\">\n<thead data-start=\"804\" data-end=\"839\">\n<tr data-start=\"804\" data-end=\"839\">\n<th data-start=\"804\" data-end=\"813\" data-col-size=\"sm\" style=\"    padding-right: 5px;\">M\u011bna <\/th>\n<th data-start=\"813\" data-end=\"839\" data-col-size=\"sm\">p\u0159ibli\u017en\u00e1 hodnota<\/th>\n<\/tr>\n<\/thead>\n<tbody data-start=\"876\" data-end=\"1019\">\n<tr data-start=\"876\" data-end=\"911\">\n<td data-start=\"876\" data-end=\"885\" data-col-size=\"sm\">1 EUR<\/td>\n<td data-col-size=\"sm\" data-start=\"885\" data-end=\"911\">\u2248 3.30 TND<\/td>\n<\/tr>\n<tr data-start=\"912\" data-end=\"947\">\n<td data-start=\"912\" data-end=\"921\" data-col-size=\"sm\">1 USD<\/td>\n<td data-col-size=\"sm\" data-start=\"921\" data-end=\"947\">\u2248 3.00 TND<\/td>\n<\/tr>\n<tr data-start=\"948\" data-end=\"983\">\n<td data-start=\"948\" data-end=\"957\" data-col-size=\"sm\">1 GBP<\/td>\n<td data-col-size=\"sm\" data-start=\"957\" data-end=\"983\">\u2248 3.90 TND<\/td>\n<\/tr>\n<tr data-start=\"984\" data-end=\"1019\">\n<td data-start=\"984\" data-end=\"993\" data-col-size=\"sm\">1 CAD<\/td>\n<td data-col-size=\"sm\" data-start=\"993\" data-end=\"1019\">\u2248 2.20 TND<\/td>\n<\/tr>\n<\/tbody>\n<\/table>\n<div class=\"sticky end-(--thread-content-margin) h-0 self-end select-none\">\n<div class=\"absolute end-0 flex items-end\"><\/div>\n<\/div>\n<\/div>\n<\/div>\n<p data-start=\"1021\" data-end=\"1268\">\ud83d\udccc <strong data-start=\"1024\" data-end=\"1036\">Remarque<\/strong> : Les taux varient quotidiennement. Pour une conversion pr\u00e9cise, nous vous recommandons de consulter le site officiel de la <strong data-start=\"1161\" data-end=\"1191\">Banque Centrale de Tunisie<\/strong> ou d\u2019utiliser un convertisseur en ligne fiable comme <strong data-start=\"1245\" data-end=\"1255\">XE.com<\/strong> ou <strong data-start=\"1259\" data-end=\"1267\">Wise<\/strong>.<\/p>\n<hr data-start=\"1270\" data-end=\"1273\" \/>\n<h2 data-start=\"1275\" data-end=\"1308\">\ud83c\udfe6 Sm\u011bna a v\u00fdb\u011br na m\u00edst\u011b<\/h2>\n<ul data-start=\"1310\" data-end=\"1651\">\n<li data-start=\"1310\" data-end=\"1416\">\n<p data-start=\"1312\" data-end=\"1416\" class=\"translation-block\">M\u016f\u017eete <strong>vym\u011bnit svou m\u011bnu<\/strong> na leti\u0161ti, v bank\u00e1ch, sm\u011bn\u00e1rn\u00e1ch nebo v autorizovan\u00fdch hotelech.<\/p>\n<\/li>\n<li data-start=\"1417\" data-end=\"1542\">\n<p data-start=\"1419\" data-end=\"1542\" class=\"translation-block\"><strong>V\u00fdb\u011bry v din\u00e1rech<\/strong> jsou mo\u017en\u00e9 z bankomat\u016f, kter\u00e9 jsou k dispozici ve v\u0161ech v\u011bt\u0161\u00edch m\u011bstech.<\/p>\n<\/li>\n<li data-start=\"1543\" data-end=\"1651\">\n<p data-start=\"1545\" data-end=\"1651\" class=\"translation-block\"><strong>Mezin\u00e1rodn\u00ed bankovn\u00ed karty<\/strong> jsou akceptov\u00e1ny v mnoha hotelech, restaurac\u00edch a obchodech.<\/p>\n<\/li>\n<\/ul>\n<hr data-start=\"1653\" data-end=\"1656\" \/>\n<h2 data-start=\"1658\" data-end=\"1700\">\ud83d\udeab <strong>Import \/ export din\u00e1r\u016f<\/strong><\/h2>\n<p data-start=\"1702\" data-end=\"1906\" class=\"translation-block\">Je <strong>zak\u00e1z\u00e1no dov\u00e1\u017eet nebo vyv\u00e1\u017eet tunisk\u00e9 din\u00e1ry<\/strong>. Mus\u00edte <strong>vym\u011bnit svou m\u011bnu p\u0159i vstupu a zbytek p\u0159ed odjezdem zp\u011btn\u011b konvertovat<\/strong>, a to p\u0159edlo\u017een\u00edm p\u016fvodn\u00edho potvrzen\u00ed o sm\u011bn\u011b.<\/p>\n<hr data-start=\"1908\" data-end=\"1911\" \/>\n<p data-start=\"1913\" data-end=\"2044\">\ud83d\udce9 Pro jak\u00e9koli dotazy ohledn\u011b plateb nebo m\u011bn v Tunisku je n\u00e1\u0161 t\u00fdm k dispozici p\u0159ed a b\u011bhem va\u0161eho pobytu.<\/p>","protected":false},"excerpt":{"rendered":"<p>Taux de Change Pr\u00e9parez votre budget pour la Tunisie Lorsque vous voyagez en Tunisie, il est important de conna\u00eetre les taux de change afin de mieux g\u00e9rer vos d\u00e9penses sur place. La monnaie locale est le dinar tunisien (TND). \ud83d\udcb1 Monnaie locale Nom : Dinar tunisien Symbole : \u062f.\u062a ou TND Unit\u00e9 : 1 dinar [&hellip;]<\/p>","protected":false},"author":1,"featured_media":0,"parent":0,"menu_order":0,"comment_status":"closed","ping_status":"closed","template":"template-blank.php","meta":{"footnotes":""},"class_list":["post-11385","page","type-page","status-publish","has-post-thumbnail","hentry"],"_links":{"self":[{"href":"https:\/\/spicytunisiantours.com\/cs\/wp-json\/wp\/v2\/pages\/11385","targetHints":{"allow":["GET"]}}],"collection":[{"href":"https:\/\/spicytunisiantours.com\/cs\/wp-json\/wp\/v2\/pages"}],"about":[{"href":"https:\/\/spicytunisiantours.com\/cs\/wp-json\/wp\/v2\/types\/page"}],"author":[{"embeddable":true,"href":"https:\/\/spicytunisiantours.com\/cs\/wp-json\/wp\/v2\/users\/1"}],"replies":[{"embeddable":true,"href":"https:\/\/spicytunisiantours.com\/cs\/wp-json\/wp\/v2\/comments?post=11385"}],"version-history":[{"count":0,"href":"https:\/\/spicytunisiantours.com\/cs\/wp-json\/wp\/v2\/pages\/11385\/revisions"}],"wp:attachment":[{"href":"https:\/\/spicytunisiantours.com\/cs\/wp-json\/wp\/v2\/media?parent=11385"}],"curies":[{"name":"wp","href":"https:\/\/api.w.org\/{rel}","templated":true}]}}