{"id":11364,"date":"2025-06-27T15:41:20","date_gmt":"2025-06-27T13:41:20","guid":{"rendered":"https:\/\/spicytunisiantours.novprojet.com\/?page_id=11364"},"modified":"2025-11-10T13:47:10","modified_gmt":"2025-11-10T11:47:10","slug":"termes-et-conditions","status":"publish","type":"page","link":"https:\/\/spicytunisiantours.com\/pl\/termes-et-conditions\/","title":{"rendered":"Warunki i zasady"},"content":{"rendered":"<div data-elementor-type=\"wp-page\" data-elementor-id=\"11364\" class=\"elementor elementor-11364\" data-elementor-post-type=\"page\">\n\t\t\t\t\t\t<section class=\"elementor-section elementor-top-section elementor-element elementor-element-6eefbed9 elementor-section-boxed elementor-section-height-default elementor-section-height-default\" data-id=\"6eefbed9\" data-element_type=\"section\">\n\t\t\t\t\t\t<div class=\"elementor-container elementor-column-gap-default\">\n\t\t\t\t\t<div class=\"elementor-column elementor-col-100 elementor-top-column elementor-element elementor-element-74b080c1\" data-id=\"74b080c1\" data-element_type=\"column\">\n\t\t\t<div class=\"elementor-widget-wrap elementor-element-populated\">\n\t\t\t\t\t\t<div class=\"elementor-element elementor-element-447f31ae elementor-widget elementor-widget-text-editor\" data-id=\"447f31ae\" data-element_type=\"widget\" data-widget_type=\"text-editor.default\">\n\t\t\t\t<div class=\"elementor-widget-container\">\n\t\t\t\t\t\t\t\t\t<h1 data-start=\"244\" data-end=\"269\">Regulamin<\/h1>\n<p data-start=\"270\" data-end=\"311\"><strong data-start=\"270\" data-end=\"311\">Ostatnia aktualizacja: 27.06.2025<\/strong><\/p>\n<p data-start=\"313\" data-end=\"582\" class=\"translation-block\">Witamy na stronie <strong>Spicy Tunisian Tours<\/strong>, agencji specjalizuj\u0105cej si\u0119 w organizacji wycieczek i do\u015bwiadcze\u0144 turystycznych w Tunezji. Korzystaj\u0105c z naszej strony i rezerwuj\u0105c aktywno\u015b\u0107 za po\u015brednictwem naszych us\u0142ug, akceptujesz nast\u0119puj\u0105ce warunki.<\/p>\n\n\n<hr data-start=\"584\" data-end=\"587\" \/>\n\n<h2 data-start=\"589\" data-end=\"619\">1. \u015awiadczone us\u0142ugi<\/h2>\n<p data-start=\"621\" data-end=\"882\">Spicy Tunisian Tours dzia\u0142a jako organizator aktywno\u015bci turystycznych we wsp\u00f3\u0142pracy z kilkoma lokalnymi biurami podr\u00f3\u017cy. Nasza oferta obejmuje mi\u0119dzy innymi wycieczki, trasy kulturowe, zaj\u0119cia rekreacyjne i transfery turystyczne.<\/p>\n<p data-start=\"884\" data-end=\"992\">Us\u0142ugi mog\u0105 by\u0107 realizowane bezpo\u015brednio przez nas lub przez naszych starannie wybranych partner\u00f3w.<\/p>\n\n\n<hr data-start=\"994\" data-end=\"997\" \/>\n\n<h2 data-start=\"999\" data-end=\"1029\">2. Rezerwacja i p\u0142atno\u015b\u0107<\/h2>\n<ul data-start=\"1031\" data-end=\"1282\">\n \t<li data-start=\"1031\" data-end=\"1106\">\n<p data-start=\"1033\" data-end=\"1106\">Wszystkie rezerwacje musz\u0105 zosta\u0107 potwierdzone za po\u015brednictwem naszej strony internetowej lub jednego z naszych agent\u00f3w.<\/p>\n<\/li>\n \t<li data-start=\"1107\" data-end=\"1191\">\n<p data-start=\"1109\" data-end=\"1191\">P\u0142atno\u015b\u0107 mo\u017ce by\u0107 wymagana w ca\u0142o\u015bci lub cz\u0119\u015bciowo, aby zagwarantowa\u0107 rezerwacj\u0119.<\/p>\n<\/li>\n \t<li data-start=\"1192\" data-end=\"1282\">\n<p data-start=\"1194\" data-end=\"1282\">Wy\u015bwietlane ceny s\u0105 w dinarach tunezyjskich (TND) lub euro, w zale\u017cno\u015bci od pochodzenia klienta.<\/p>\n<\/li>\n<\/ul>\n\n<hr data-start=\"1284\" data-end=\"1287\" \/>\n\n<h2 data-start=\"1289\" data-end=\"1323\">3. Anulowanie i zwrot pieni\u0119dzy<\/h2>\n<ul data-start=\"1325\" data-end=\"1674\">\n \t<li data-start=\"1325\" data-end=\"1531\">\n<p data-start=\"1327\" data-end=\"1362\">W przypadku anulowania przez klienta:<\/p>\n\n<ul data-start=\"1365\" data-end=\"1531\">\n \t<li data-start=\"1365\" data-end=\"1419\">\n<p data-start=\"1367\" data-end=\"1419\">Ponad 7 dni przed dat\u0105: pe\u0142ny zwrot koszt\u00f3w.<\/p>\n<\/li>\n \t<li data-start=\"1422\" data-end=\"1471\">\n<p data-start=\"1424\" data-end=\"1471\">Mniej ni\u017c 7 dni przed terminem: potr\u0105cane 50% op\u0142aty.<\/p>\n<\/li>\n \t<li data-start=\"1474\" data-end=\"1531\">\n<p data-start=\"1476\" data-end=\"1531\">Mniej ni\u017c 48 godzin lub nieobecno\u015b\u0107: brak zwrotu.<\/p>\n<\/li>\n<\/ul>\n<\/li>\n \t<li data-start=\"1533\" data-end=\"1674\">\n<p data-start=\"1535\" data-end=\"1674\">W przypadku anulowania przez Spicy Tunisian Tours (warunki pogodowe, si\u0142a wy\u017csza itp.) zostanie zaproponowana zmiana terminu lub pe\u0142ny zwrot koszt\u00f3w.<\/p>\n<\/li>\n<\/ul>\n\n<hr data-start=\"1676\" data-end=\"1679\" \/>\n\n<h2 data-start=\"1681\" data-end=\"1702\">4. Odpowiedzialno\u015b\u0107<\/h2>\n<p data-start=\"1704\" data-end=\"1854\">Spicy Tunisian Tours nie ponosi odpowiedzialno\u015bci za incydenty, straty, op\u00f3\u017anienia lub szkody spowodowane przez osoby trzecie lub partner\u00f3w us\u0142ug.<\/p>\n<p data-start=\"1856\" data-end=\"1954\">Uczestnicy s\u0105 odpowiedzialni za w\u0142asne ubezpieczenie podr\u00f3\u017cne, zdrowie i bezpiecze\u0144stwo osobiste.<\/p>\n\n\n<hr data-start=\"1956\" data-end=\"1959\" \/>\n\n<h2 data-start=\"1961\" data-end=\"1988\">5. Dane osobowe<\/h2>\n<p data-start=\"1990\" data-end=\"2207\">Dane zbierane za po\u015brednictwem naszej strony internetowej (formularze, rezerwacje itp.) s\u0105 traktowane poufnie. S\u0105 u\u017cywane wy\u0142\u0105cznie do prawid\u0142owego \u015bwiadczenia us\u0142ug i nigdy nie s\u0105 sprzedawane osobom trzecim.<\/p>\n\n\n<hr data-start=\"2209\" data-end=\"2212\" \/>\n\n<h2 data-start=\"2214\" data-end=\"2245\">6. W\u0142asno\u015b\u0107 intelektualna<\/h2>\n<p data-start=\"2247\" data-end=\"2415\">Wszelkie tre\u015bci na tej stronie (teksty, obrazy, logo itp.) s\u0105 w\u0142asno\u015bci\u0105 Spicy Tunisian Tours i nie mog\u0105 by\u0107 powielane bez uprzedniej zgody.<\/p>\n\n\n<hr data-start=\"2417\" data-end=\"2420\" \/>\n\n<h2 data-start=\"2422\" data-end=\"2445\">7. Obowi\u0105zuj\u0105ce prawo<\/h2>\n<p data-start=\"2447\" data-end=\"2616\">Niniejsze warunki podlegaj\u0105 prawu tunezyjskiemu. Wszelkie spory dotycz\u0105ce ich interpretacji lub wykonania b\u0119d\u0105 rozstrzygane przez s\u0105dy w Tunisie.<\/p>\n\n<h2 data-start=\"2422\" data-end=\"2445\">8. Design and Development<\/h2>\n<p data-start=\"2447\" data-end=\"2616\">\n  <a title=\"Web Agency in Tunis\" href=\"https:\/\/www.novatis.tn\" target=\"_blank\" rel=\"noopener noreferrer\">\n    <strong>Web Agency in Tunis \u2013 Novatis<\/strong>\n  <\/a>\n<\/p>\n\t\t\t\t\t\t\t\t<\/div>\n\t\t\t\t<\/div>\n\t\t\t\t\t<\/div>\n\t\t<\/div>\n\t\t\t\t\t<\/div>\n\t\t<\/section>\n\t\t\t\t<\/div>","protected":false},"excerpt":{"rendered":"<p>Termes et Conditions Derni\u00e8re mise \u00e0 jour : 27\/06\/2025 Bienvenue sur le site de Spicy Tunisian Tours, une agence sp\u00e9cialis\u00e9e dans l\u2019organisation d\u2019excursions et d\u2019exp\u00e9riences touristiques en Tunisie. En acc\u00e9dant \u00e0 notre site et en r\u00e9servant une activit\u00e9 via nos services, vous acceptez les termes et conditions suivants. 1. Prestations de services Spicy Tunisian Tours [&hellip;]<\/p>","protected":false},"author":1,"featured_media":0,"parent":0,"menu_order":0,"comment_status":"closed","ping_status":"closed","template":"","meta":{"footnotes":""},"class_list":["post-11364","page","type-page","status-publish","has-post-thumbnail","hentry"],"_links":{"self":[{"href":"https:\/\/spicytunisiantours.com\/pl\/wp-json\/wp\/v2\/pages\/11364","targetHints":{"allow":["GET"]}}],"collection":[{"href":"https:\/\/spicytunisiantours.com\/pl\/wp-json\/wp\/v2\/pages"}],"about":[{"href":"https:\/\/spicytunisiantours.com\/pl\/wp-json\/wp\/v2\/types\/page"}],"author":[{"embeddable":true,"href":"https:\/\/spicytunisiantours.com\/pl\/wp-json\/wp\/v2\/users\/1"}],"replies":[{"embeddable":true,"href":"https:\/\/spicytunisiantours.com\/pl\/wp-json\/wp\/v2\/comments?post=11364"}],"version-history":[{"count":0,"href":"https:\/\/spicytunisiantours.com\/pl\/wp-json\/wp\/v2\/pages\/11364\/revisions"}],"wp:attachment":[{"href":"https:\/\/spicytunisiantours.com\/pl\/wp-json\/wp\/v2\/media?parent=11364"}],"curies":[{"name":"wp","href":"https:\/\/api.w.org\/{rel}","templated":true}]}}