{"id":11378,"date":"2025-06-27T15:57:51","date_gmt":"2025-06-27T13:57:51","guid":{"rendered":"https:\/\/spicytunisiantours.novprojet.com\/?page_id=11378"},"modified":"2025-06-27T15:59:09","modified_gmt":"2025-06-27T13:59:09","slug":"assurance-voyage","status":"publish","type":"page","link":"https:\/\/spicytunisiantours.com\/pl\/assurance-voyage\/","title":{"rendered":"Ubezpieczenie podr\u00f3\u017cne"},"content":{"rendered":"<h1 data-start=\"200\" data-end=\"221\">Ubezpieczenie podr\u00f3\u017cne<\/h1>\n<p data-start=\"222\" data-end=\"265\"><strong data-start=\"222\" data-end=\"265\">Chro\u0144 swoj\u0105 podr\u00f3\u017c z poczuciem spokoju<\/strong><\/p>\n<p data-start=\"267\" data-end=\"496\" class=\"translation-block\">W <strong>Spicy Tunisian Tours<\/strong> bezpiecze\u0144stwo i spok\u00f3j naszych klient\u00f3w s\u0105 priorytetem. Dlatego zdecydowanie zalecamy wszystkim podr\u00f3\u017cnym wykupienie <strong>ubezpieczenia podr\u00f3\u017cnego<\/strong> przed przyjazdem do Tunezji.<\/p>\n<hr data-start=\"498\" data-end=\"501\" \/>\n<h2 data-start=\"503\" data-end=\"558\">Dlaczego ubezpieczenie podr\u00f3\u017cne jest wa\u017cne?<\/h2>\n<p data-start=\"560\" data-end=\"662\">Ubezpieczenie podr\u00f3\u017cne chroni Ci\u0119 przed nieprzewidzianymi zdarzeniami, kt\u00f3re mog\u0105 wyst\u0105pi\u0107 przed lub w trakcie pobytu:<\/p>\n<ul data-start=\"664\" data-end=\"886\">\n<li data-start=\"664\" data-end=\"707\">\n<p data-start=\"666\" data-end=\"707\">\ud83d\udccc Anulowanie lub zmiana podr\u00f3\u017cy<\/p>\n<\/li>\n<li data-start=\"708\" data-end=\"753\">\n<p data-start=\"710\" data-end=\"753\">\ud83e\uddf3 Utrata, kradzie\u017c lub uszkodzenie baga\u017cu<\/p>\n<\/li>\n<li data-start=\"754\" data-end=\"796\">\n<p data-start=\"756\" data-end=\"796\">\ud83c\udfe5 Pomoc medyczna i repatriacja<\/p>\n<\/li>\n<li data-start=\"797\" data-end=\"844\">\n<p data-start=\"799\" data-end=\"844\">\ud83d\ude91 Wypadek lub hospitalizacja za granic\u0105<\/p>\n<\/li>\n<li data-start=\"845\" data-end=\"886\">\n<p data-start=\"847\" data-end=\"886\">\u23f1 Op\u00f3\u017anienia lub przerwy w transporcie<\/p>\n<\/li>\n<\/ul>\n<hr data-start=\"888\" data-end=\"891\" \/>\n<h2 data-start=\"893\" data-end=\"948\">Co obejmujemy (i na co powiniene\u015b si\u0119 przygotowa\u0107)<\/h2>\n<p data-start=\"950\" data-end=\"1165\" class=\"translation-block\"><strong>Spicy Tunisian Tours<\/strong> nie oferuje bezpo\u015brednio um\u00f3w ubezpieczenia podr\u00f3\u017cnego. Jednak wsp\u00f3\u0142pracujemy z zaufanymi partnerami i mo\u017cemy skierowa\u0107 Ci\u0119 do rzetelnych dostawc\u00f3w, je\u015bli zajdzie taka potrzeba.<\/p>\n<p data-start=\"1167\" data-end=\"1381\">\u27a1\ufe0f Il est de votre responsabilit\u00e9 de souscrire \u00e0 une <strong data-start=\"1220\" data-end=\"1256\">assurance adapt\u00e9e \u00e0 votre profil<\/strong> avant le d\u00e9part, notamment si vous participez \u00e0 des activit\u00e9s sportives, randonn\u00e9es, circuits hors des sentiers battus, etc.<\/p>\n<hr data-start=\"1383\" data-end=\"1386\" \/>\n<h2 data-start=\"1388\" data-end=\"1408\">W nag\u0142ych wypadkach<\/h2>\n<p data-start=\"1410\" data-end=\"1626\">W przypadku incydentu podczas wycieczki nasz lokalny zesp\u00f3\u0142 zrobi wszystko, aby Ci\u0119 wspiera\u0107, pomaga\u0107 i w razie potrzeby skontaktowa\u0107 si\u0119 z Twoim ubezpieczeniem. Zalecamy, aby\u015b zawsze nosi\u0142 przy sobie:<\/p>\n<ul data-start=\"1628\" data-end=\"1783\">\n<li data-start=\"1628\" data-end=\"1669\">\n<p data-start=\"1630\" data-end=\"1669\" class=\"translation-block\">Tw\u00f3j <strong>numer polisy ubezpieczeniowej<\/strong><\/p>\n<\/li>\n<li data-start=\"1670\" data-end=\"1716\">\n<p data-start=\"1672\" data-end=\"1716\" class=\"translation-block\"><strong>Numery alarmowe twojego ubezpieczyciela<\/strong><\/p>\n<\/li>\n<li data-start=\"1717\" data-end=\"1783\">\n<p data-start=\"1719\" data-end=\"1783\" class=\"translation-block\"><strong>Kopia paszportu i dokumentacji medycznej, je\u015bli dotyczy<\/strong><\/p>\n<\/li>\n<\/ul>\n<hr data-start=\"1785\" data-end=\"1788\" \/>\n<h2 data-start=\"1790\" data-end=\"1809\">Potrzebujesz pomocy?<\/h2>\n<p data-start=\"1811\" data-end=\"2018\">Je\u015bli masz pytania dotycz\u0105ce ubezpieczenia, nie wahaj si\u0119 skontaktowa\u0107 z nami przed wyjazdem. Z przyjemno\u015bci\u0105 doradzimy i pokierujemy Ci\u0119 zgodnie z Twoim miejscem docelowym i zarezerwowanymi aktywno\u015bciami.<\/p>\n<hr data-start=\"2020\" data-end=\"2023\" \/>\n<p data-start=\"2025\" data-end=\"2094\"><strong data-start=\"2025\" data-end=\"2049\">Spicy Tunisian Tours<\/strong> \u2013 Odkrywaj Tunezj\u0119 z pewno\u015bci\u0105 siebie \ud83c\udf0d<\/p>","protected":false},"excerpt":{"rendered":"<p>Assurance Voyage Prot\u00e9gez votre voyage en toute s\u00e9r\u00e9nit\u00e9 Chez Spicy Tunisian Tours, la s\u00e9curit\u00e9 et la tranquillit\u00e9 de nos clients sont une priorit\u00e9. C\u2019est pourquoi nous recommandons vivement \u00e0 tous les voyageurs de souscrire \u00e0 une assurance voyage avant leur arriv\u00e9e en Tunisie. Pourquoi une assurance voyage est-elle importante ? Une assurance voyage vous prot\u00e8ge [&hellip;]<\/p>","protected":false},"author":1,"featured_media":0,"parent":0,"menu_order":0,"comment_status":"closed","ping_status":"closed","template":"template-blank.php","meta":{"footnotes":""},"class_list":["post-11378","page","type-page","status-publish","has-post-thumbnail","hentry"],"_links":{"self":[{"href":"https:\/\/spicytunisiantours.com\/pl\/wp-json\/wp\/v2\/pages\/11378","targetHints":{"allow":["GET"]}}],"collection":[{"href":"https:\/\/spicytunisiantours.com\/pl\/wp-json\/wp\/v2\/pages"}],"about":[{"href":"https:\/\/spicytunisiantours.com\/pl\/wp-json\/wp\/v2\/types\/page"}],"author":[{"embeddable":true,"href":"https:\/\/spicytunisiantours.com\/pl\/wp-json\/wp\/v2\/users\/1"}],"replies":[{"embeddable":true,"href":"https:\/\/spicytunisiantours.com\/pl\/wp-json\/wp\/v2\/comments?post=11378"}],"version-history":[{"count":0,"href":"https:\/\/spicytunisiantours.com\/pl\/wp-json\/wp\/v2\/pages\/11378\/revisions"}],"wp:attachment":[{"href":"https:\/\/spicytunisiantours.com\/pl\/wp-json\/wp\/v2\/media?parent=11378"}],"curies":[{"name":"wp","href":"https:\/\/api.w.org\/{rel}","templated":true}]}}