{"id":313,"date":"2022-06-07T01:33:02","date_gmt":"2022-06-07T01:33:02","guid":{"rendered":"https:\/\/modtour.travelerwp.com\/?page_id=313"},"modified":"2025-11-18T15:02:18","modified_gmt":"2025-11-18T13:02:18","slug":"contact","status":"publish","type":"page","link":"https:\/\/spicytunisiantours.com\/pl\/contact\/","title":{"rendered":"Kontakt"},"content":{"rendered":"<div data-elementor-type=\"wp-page\" data-elementor-id=\"313\" class=\"elementor elementor-313\" data-elementor-post-type=\"page\">\n\t\t\t\t\t\t<section class=\"elementor-section elementor-top-section elementor-element elementor-element-f38538b elementor-section-full_width elementor-section-height-default elementor-section-height-default\" data-id=\"f38538b\" data-element_type=\"section\">\n\t\t\t\t\t\t<div class=\"elementor-container elementor-column-gap-no\">\n\t\t\t\t\t<div class=\"elementor-column elementor-col-100 elementor-top-column elementor-element elementor-element-46026278\" data-id=\"46026278\" data-element_type=\"column\">\n\t\t\t<div class=\"elementor-widget-wrap elementor-element-populated\">\n\t\t\t\t\t\t<div class=\"elementor-element elementor-element-6bc87f52 elementor-widget elementor-widget-google_maps\" data-id=\"6bc87f52\" data-element_type=\"widget\" data-widget_type=\"google_maps.default\">\n\t\t\t\t<div class=\"elementor-widget-container\">\n\t\t\t\t\t\t\t<div class=\"elementor-custom-embed\">\n\t\t\t<iframe loading=\"lazy\"\n\t\t\t\t\tsrc=\"https:\/\/maps.google.com\/maps?q=tunisie&#038;t=m&#038;z=6&#038;output=embed&#038;iwloc=near\"\n\t\t\t\t\ttitle=\"tunisie\"\n\t\t\t\t\taria-label=\"tunisie\"\n\t\t\t><\/iframe>\n\t\t<\/div>\n\t\t\t\t\t\t<\/div>\n\t\t\t\t<\/div>\n\t\t\t\t\t<\/div>\n\t\t<\/div>\n\t\t\t\t\t<\/div>\n\t\t<\/section>\n\t\t\t\t<section class=\"elementor-section elementor-top-section elementor-element elementor-element-4828ac6e elementor-section-content-middle elementor-section-boxed elementor-section-height-default elementor-section-height-default\" data-id=\"4828ac6e\" data-element_type=\"section\">\n\t\t\t\t\t\t<div class=\"elementor-container elementor-column-gap-default\">\n\t\t\t\t\t<div class=\"elementor-column elementor-col-50 elementor-top-column elementor-element elementor-element-103bc7f5\" data-id=\"103bc7f5\" data-element_type=\"column\">\n\t\t\t<div class=\"elementor-widget-wrap elementor-element-populated\">\n\t\t\t\t\t\t<div class=\"elementor-element elementor-element-39321ae8 elementor-widget elementor-widget-heading\" data-id=\"39321ae8\" data-element_type=\"widget\" data-widget_type=\"heading.default\">\n\t\t\t\t<div class=\"elementor-widget-container\">\n\t\t\t\t\t<h2 class=\"elementor-heading-title elementor-size-default\">Dane kontaktowe<\/h2>\t\t\t\t<\/div>\n\t\t\t\t<\/div>\n\t\t\t\t<div class=\"elementor-element elementor-element-3eccb2eb elementor-widget elementor-widget-heading\" data-id=\"3eccb2eb\" data-element_type=\"widget\" data-widget_type=\"heading.default\">\n\t\t\t\t<div class=\"elementor-widget-container\">\n\t\t\t\t\t<p class=\"elementor-heading-title elementor-size-default\">Chcesz odkry\u0107 Tunezj\u0119 w inny spos\u00f3b? W celu uzyskania informacji lub zorganizowania kolejnej wycieczki b\u0105d\u017a objazdu, nasz zesp\u00f3\u0142 jest do Twojej dyspozycji. Skontaktuj si\u0119 z nami telefonicznie, mailowo lub za pomoc\u0105 formularza kontaktowego.<\/p>\t\t\t\t<\/div>\n\t\t\t\t<\/div>\n\t\t\t\t<div class=\"elementor-element elementor-element-5d6d09c5 elementor-position-left elementor-vertical-align-middle elementor-mobile-position-left elementor-view-default elementor-widget elementor-widget-icon-box\" data-id=\"5d6d09c5\" data-element_type=\"widget\" data-widget_type=\"icon-box.default\">\n\t\t\t\t<div class=\"elementor-widget-container\">\n\t\t\t\t\t            <div class=\"elementor-icon-box-wrapper\">\r\n                                                        <div class=\"elementor-icon-box-icon\">\r\n                        <span class=\"elementor-icon elementor-animation-\" >\r\n                        <svg aria-hidden=\"true\" class=\"e-font-icon-svg e-fas-map-marker-alt\" viewbox=\"0 0 384 512\" xmlns=\"http:\/\/www.w3.org\/2000\/svg\"><path d=\"M172.268 501.67C26.97 291.031 0 269.413 0 192 0 85.961 85.961 0 192 0s192 85.961 192 192c0 77.413-26.97 99.031-172.268 309.67-9.535 13.774-29.93 13.773-39.464 0zM192 272c44.183 0 80-35.817 80-80s-35.817-80-80-80-80 35.817-80 80 35.817 80 80 80z\"><\/path><\/svg>                        <\/span>\r\n                    <\/div>\r\n                                                    <div class=\"elementor-icon-box-content\">\r\n                                       <h3 class=\"elementor-icon-box-title\">\r\n                        <span   style=\"display:block;\">\r\n\r\n                         Nabeul, Tunisia                        <\/span>\r\n                    <\/h3>\r\n                                    <\/div>\r\n            <\/div>\r\n            \t\t\t\t<\/div>\n\t\t\t\t<\/div>\n\t\t\t\t<div class=\"elementor-element elementor-element-1f7e55d elementor-widget-divider--view-line elementor-widget elementor-widget-divider\" data-id=\"1f7e55d\" data-element_type=\"widget\" data-widget_type=\"divider.default\">\n\t\t\t\t<div class=\"elementor-widget-container\">\n\t\t\t\t\t\t\t<div class=\"elementor-divider\">\n\t\t\t<span class=\"elementor-divider-separator\">\n\t\t\t\t\t\t<\/span>\n\t\t<\/div>\n\t\t\t\t\t\t<\/div>\n\t\t\t\t<\/div>\n\t\t\t\t<div class=\"elementor-element elementor-element-59edc24c elementor-position-left elementor-vertical-align-middle elementor-mobile-position-left elementor-view-default elementor-widget elementor-widget-icon-box\" data-id=\"59edc24c\" data-element_type=\"widget\" data-widget_type=\"icon-box.default\">\n\t\t\t\t<div class=\"elementor-widget-container\">\n\t\t\t\t\t            <div class=\"elementor-icon-box-wrapper\">\r\n                                                        <div class=\"elementor-icon-box-icon\">\r\n                        <a class=\"elementor-icon elementor-animation-\" href=\"tel:+216%2028150323\">\r\n                        <svg aria-hidden=\"true\" class=\"e-font-icon-svg e-fas-phone-alt\" viewbox=\"0 0 512 512\" xmlns=\"http:\/\/www.w3.org\/2000\/svg\"><path d=\"M497.39 361.8l-112-48a24 24 0 0 0-28 6.9l-49.6 60.6A370.66 370.66 0 0 1 130.6 204.11l60.6-49.6a23.94 23.94 0 0 0 6.9-28l-48-112A24.16 24.16 0 0 0 122.6.61l-104 24A24 24 0 0 0 0 48c0 256.5 207.9 464 464 464a24 24 0 0 0 23.4-18.6l24-104a24.29 24.29 0 0 0-14.01-27.6z\"><\/path><\/svg>                        <\/a>\r\n                    <\/div>\r\n                                                    <div class=\"elementor-icon-box-content\">\r\n                                       <h3 class=\"elementor-icon-box-title\">\r\n                        <a href=\"tel:+216%2028150323\"  style=\"display:block;\">\r\n\r\n                         +216 28 150 323                        <\/a>\r\n                    <\/h3>\r\n                                    <\/div>\r\n            <\/div>\r\n            \t\t\t\t<\/div>\n\t\t\t\t<\/div>\n\t\t\t\t<div class=\"elementor-element elementor-element-12627ea0 elementor-widget-divider--view-line elementor-widget elementor-widget-divider\" data-id=\"12627ea0\" data-element_type=\"widget\" data-widget_type=\"divider.default\">\n\t\t\t\t<div class=\"elementor-widget-container\">\n\t\t\t\t\t\t\t<div class=\"elementor-divider\">\n\t\t\t<span class=\"elementor-divider-separator\">\n\t\t\t\t\t\t<\/span>\n\t\t<\/div>\n\t\t\t\t\t\t<\/div>\n\t\t\t\t<\/div>\n\t\t\t\t<div class=\"elementor-element elementor-element-19300fc2 elementor-position-left elementor-vertical-align-middle elementor-mobile-position-left elementor-view-default elementor-widget elementor-widget-icon-box\" data-id=\"19300fc2\" data-element_type=\"widget\" data-widget_type=\"icon-box.default\">\n\t\t\t\t<div class=\"elementor-widget-container\">\n\t\t\t\t\t            <div class=\"elementor-icon-box-wrapper\">\r\n                                                        <div class=\"elementor-icon-box-icon\">\r\n                        <a class=\"elementor-icon elementor-animation-\" href=\"mailto:contact@spicytunisiantours.com\">\r\n                        <svg aria-hidden=\"true\" class=\"e-font-icon-svg e-fas-envelope\" viewbox=\"0 0 512 512\" xmlns=\"http:\/\/www.w3.org\/2000\/svg\"><path d=\"M502.3 190.8c3.9-3.1 9.7-.2 9.7 4.7V400c0 26.5-21.5 48-48 48H48c-26.5 0-48-21.5-48-48V195.6c0-5 5.7-7.8 9.7-4.7 22.4 17.4 52.1 39.5 154.1 113.6 21.1 15.4 56.7 47.8 92.2 47.6 35.7.3 72-32.8 92.3-47.6 102-74.1 131.6-96.3 154-113.7zM256 320c23.2.4 56.6-29.2 73.4-41.4 132.7-96.3 142.8-104.7 173.4-128.7 5.8-4.5 9.2-11.5 9.2-18.9v-19c0-26.5-21.5-48-48-48H48C21.5 64 0 85.5 0 112v19c0 7.4 3.4 14.3 9.2 18.9 30.6 23.9 40.7 32.4 173.4 128.7 16.8 12.2 50.2 41.8 73.4 41.4z\"><\/path><\/svg>                        <\/a>\r\n                    <\/div>\r\n                                                    <div class=\"elementor-icon-box-content\">\r\n                                       <h3 class=\"elementor-icon-box-title\">\r\n                        <a href=\"mailto:contact@spicytunisiantours.com\"  style=\"display:block;\">\r\n\r\n                         contact@spicytunisiantours.com                        <\/a>\r\n                    <\/h3>\r\n                                    <\/div>\r\n            <\/div>\r\n            \t\t\t\t<\/div>\n\t\t\t\t<\/div>\n\t\t\t\t\t<\/div>\n\t\t<\/div>\n\t\t\t\t<div class=\"elementor-column elementor-col-50 elementor-top-column elementor-element elementor-element-10a400c\" data-id=\"10a400c\" data-element_type=\"column\">\n\t\t\t<div class=\"elementor-widget-wrap elementor-element-populated\">\n\t\t\t\t\t\t<div class=\"elementor-element elementor-element-1c32a863 elementor-widget elementor-widget-shortcode\" data-id=\"1c32a863\" data-element_type=\"widget\" data-widget_type=\"shortcode.default\">\n\t\t\t\t<div class=\"elementor-widget-container\">\n\t\t\t\t\t\t\t<div class=\"elementor-shortcode\"><script type=\"text\/javascript\">var gform;gform||(document.addEventListener(\"gform_main_scripts_loaded\",function(){gform.scriptsLoaded=!0}),window.addEventListener(\"DOMContentLoaded\",function(){gform.domLoaded=!0}),gform={domLoaded:!1,scriptsLoaded:!1,initializeOnLoaded:function(o){gform.domLoaded&&gform.scriptsLoaded?o():!gform.domLoaded&&gform.scriptsLoaded?window.addEventListener(\"DOMContentLoaded\",o):document.addEventListener(\"gform_main_scripts_loaded\",o)},hooks:{action:{},filter:{}},addAction:function(o,n,r,t){gform.addHook(\"action\",o,n,r,t)},addFilter:function(o,n,r,t){gform.addHook(\"filter\",o,n,r,t)},doAction:function(o){gform.doHook(\"action\",o,arguments)},applyFilters:function(o){return gform.doHook(\"filter\",o,arguments)},removeAction:function(o,n){gform.removeHook(\"action\",o,n)},removeFilter:function(o,n,r){gform.removeHook(\"filter\",o,n,r)},addHook:function(o,n,r,t,i){null==gform.hooks[o][n]&&(gform.hooks[o][n]=[]);var e=gform.hooks[o][n];null==i&&(i=n+\"_\"+e.length),gform.hooks[o][n].push({tag:i,callable:r,priority:t=null==t?10:t})},doHook:function(n,o,r){var t;if(r=Array.prototype.slice.call(r,1),null!=gform.hooks[n][o]&&((o=gform.hooks[n][o]).sort(function(o,n){return o.priority-n.priority}),o.forEach(function(o){\"function\"!=typeof(t=o.callable)&&(t=window[t]),\"action\"==n?t.apply(null,r):r[0]=t.apply(null,r)})),\"filter\"==n)return r[0]},removeHook:function(o,n,t,i){var r;null!=gform.hooks[o][n]&&(r=(r=gform.hooks[o][n]).filter(function(o,n,r){return!!(null!=i&&i!=o.tag||null!=t&&t!=o.priority)}),gform.hooks[o][n]=r)}});<\/script>\n                <div class='gf_browser_gecko gform_wrapper gravity-theme' id='gform_wrapper_1' style='display:none'><form method='post' enctype='multipart\/form-data'  id='gform_1'  action='\/pl\/wp-json\/wp\/v2\/pages\/313' novalidate data-trp-original-action=\"\/pl\/wp-json\/wp\/v2\/pages\/313\">\n                        <div class='gform_body gform-body'><div id='gform_fields_1' class='gform_fields top_label form_sublabel_below description_below'><div id=\"field_1_7\"  class=\"gfield txt-formulaire gfield_html gfield_html_formatted gfield_no_follows_desc field_sublabel_below field_description_below gfield_visibility_visible\"  data-js-reload=\"field_1_7\">Wy\u015blij wiadomo\u015b\u0107<\/div><div id=\"field_1_10\"  class=\"gfield gfield--width-half gfield_contains_required field_sublabel_below field_description_below hidden_label gfield_visibility_visible\"  data-js-reload=\"field_1_10\"><label class='gfield_label' for='input_1_10' >Sans titre<span class=\"gfield_required\"><span class=\"gfield_required gfield_required_text\">(Required)<\/span><\/span><\/label><div class='ginput_container ginput_container_text'><input name='input_10' id='input_1_10' type='text' value='' class='large'    placeholder='Twoje imi\u0119*' aria-required=\"true\" aria-invalid=\"false\"   \/> <\/div><\/div><div id=\"field_1_11\"  class=\"gfield gfield--width-half field_sublabel_below field_description_below hidden_label gfield_visibility_visible\"  data-js-reload=\"field_1_11\"><label class='gfield_label' for='input_1_11' >T\u00e9l\u00e9phone<\/label><div class='ginput_container ginput_container_phone'><input name='input_11' id='input_1_11' type='tel' value='' class='large'  placeholder='Numer telefonu'  aria-invalid=\"false\"   \/><\/div><\/div><div id=\"field_1_12\"  class=\"gfield gfield--width-full gfield_contains_required field_sublabel_below field_description_below hidden_label gfield_visibility_visible\"  data-js-reload=\"field_1_12\"><label class='gfield_label' for='input_1_12' >E-mail<span class=\"gfield_required\"><span class=\"gfield_required gfield_required_text\">(Required)<\/span><\/span><\/label><div class='ginput_container ginput_container_email'>\n                            <input name='input_12' id='input_1_12' type='email' value='' class='large'   placeholder='Tw\u00f3j e-mail*' aria-required=\"true\" aria-invalid=\"false\"  \/>\n                        <\/div><\/div><fieldset id=\"field_1_14\"  class=\"gfield gfield--width-full field_sublabel_below field_description_below gfield_visibility_visible\"  data-js-reload=\"field_1_14\"><legend class='gfield_label gfield_label_before_complex'  >Temat<\/legend><div class='ginput_container ginput_container_checkbox'><div class='gfield_checkbox' id='input_1_14'><div class='gchoice gchoice_1_14_1'>\n\t\t\t\t\t\t\t\t<input class='gfield-choice-input' name='input_14.1' type='checkbox'  value='Poser des questions' checked='checked' id='choice_1_14_1'   \/>\n\t\t\t\t\t\t\t\t<label for='choice_1_14_1' id='label_1_14_1'>Zadawaj pytania<\/label>\n\t\t\t\t\t\t\t<\/div><div class='gchoice gchoice_1_14_2'>\n\t\t\t\t\t\t\t\t<input class='gfield-choice-input' name='input_14.2' type='checkbox'  value='Demander des informations'  id='choice_1_14_2'   \/>\n\t\t\t\t\t\t\t\t<label for='choice_1_14_2' id='label_1_14_2'>Popro\u015b o informacje<\/label>\n\t\t\t\t\t\t\t<\/div><div class='gchoice gchoice_1_14_3'>\n\t\t\t\t\t\t\t\t<input class='gfield-choice-input' name='input_14.3' type='checkbox'  value='Cr\u00e9er une excursion sur mesure'  id='choice_1_14_3'   \/>\n\t\t\t\t\t\t\t\t<label for='choice_1_14_3' id='label_1_14_3'>Stw\u00f3rz wycieczk\u0119 na miar\u0119<\/label>\n\t\t\t\t\t\t\t<\/div><\/div><\/div><\/fieldset><div id=\"field_1_13\"  class=\"gfield gfield--width-full field_sublabel_below field_description_below hidden_label gfield_visibility_visible\"  data-js-reload=\"field_1_13\"><label class='gfield_label' for='input_1_13' >Sans titre<\/label><div class='ginput_container ginput_container_textarea'><textarea name='input_13' id='input_1_13' class='textarea medium'    placeholder='Napisz tutaj swoje pytanie...'  aria-invalid=\"false\"   rows='10' cols='50'><\/textarea><\/div><\/div><div id=\"field_1_15\"  class=\"gfield gfield--width-full field_sublabel_below field_description_below hidden_label gfield_visibility_visible\"  data-js-reload=\"field_1_15\"><label class='gfield_label' for='input_1_15' >Sans titre<\/label><div class='ginput_container ginput_container_textarea'><textarea name='input_15' id='input_1_15' class='textarea medium'    placeholder='Pr\u00e9cisez les informations que vous souhaitez recevoir...'  aria-invalid=\"false\"   rows='10' cols='50'><\/textarea><\/div><\/div><div id=\"field_1_16\"  class=\"gfield gfield--width-full field_sublabel_below field_description_below hidden_label gfield_visibility_visible\"  data-js-reload=\"field_1_16\"><label class='gfield_label' for='input_1_16' >Sans titre<\/label><div class='ginput_container ginput_container_textarea'><textarea name='input_16' id='input_1_16' class='textarea medium'    placeholder='D\u00e9crivez l\u2019excursion que vous souhaitez : destination, date, nombre de personnes, pr\u00e9f\u00e9rences...'  aria-invalid=\"false\"   rows='10' cols='50'><\/textarea><\/div><\/div><\/div><\/div>\n        <div class='gform_footer top_label'> <input type='submit' id='gform_submit_button_1' class='gform_button button' value='Wy\u015blij'  onclick='if(window[\"gf_submitting_1\"]){return false;}  if( !jQuery(\"#gform_1\")[0].checkValidity || jQuery(\"#gform_1\")[0].checkValidity()){window[\"gf_submitting_1\"]=true;}  ' onkeypress='if( event.keyCode == 13 ){ if(window[\"gf_submitting_1\"]){return false;} if( !jQuery(\"#gform_1\")[0].checkValidity || jQuery(\"#gform_1\")[0].checkValidity()){window[\"gf_submitting_1\"]=true;}  jQuery(\"#gform_1\").trigger(\"submit\",[true]); }' \/> \n            <input type='hidden' class='gform_hidden' name='is_submit_1' value='1' \/>\n            <input type='hidden' class='gform_hidden' name='gform_submit' value='1' \/>\n            \n            <input type='hidden' class='gform_hidden' name='gform_unique_id' value='' \/>\n            <input type='hidden' class='gform_hidden' name='state_1' value='WyJbXSIsIjllOTg3NTAzYjMxZWE5OTdlM2NmOWZhMGI2MWVkNDRhIl0=' \/>\n            <input type='hidden' class='gform_hidden' name='gform_target_page_number_1' id='gform_target_page_number_1' value='0' \/>\n            <input type='hidden' class='gform_hidden' name='gform_source_page_number_1' id='gform_source_page_number_1' value='1' \/>\n            <input type='hidden' name='gform_field_values' value='' \/>\n            \n        <\/div>\n                        <input type=\"hidden\" name=\"trp-form-language\" value=\"pl\"\/><\/form>\n                        <\/div><\/div>\n\t\t\t\t\t\t<\/div>\n\t\t\t\t<\/div>\n\t\t\t\t\t<\/div>\n\t\t<\/div>\n\t\t\t\t\t<\/div>\n\t\t<\/section>\n\t\t\t\t<\/div>","protected":false},"excerpt":{"rendered":"<p>Coordonn\u00e9es Envie de d\u00e9couvrir la Tunisie autrement ? Pour toute demande d\u2019information ou pour organiser votre prochaine excursion ou circuit, notre \u00e9quipe est \u00e0 votre \u00e9coute. Contactez-nous par t\u00e9l\u00e9phone, email ou via le formulaire de contact. Nabeul, Tunisia +216 28 150 323 contact@spicytunisiantours.com<\/p>","protected":false},"author":1,"featured_media":0,"parent":0,"menu_order":0,"comment_status":"closed","ping_status":"closed","template":"template-blank.php","meta":{"footnotes":""},"class_list":["post-313","page","type-page","status-publish","has-post-thumbnail","hentry"],"_links":{"self":[{"href":"https:\/\/spicytunisiantours.com\/pl\/wp-json\/wp\/v2\/pages\/313","targetHints":{"allow":["GET"]}}],"collection":[{"href":"https:\/\/spicytunisiantours.com\/pl\/wp-json\/wp\/v2\/pages"}],"about":[{"href":"https:\/\/spicytunisiantours.com\/pl\/wp-json\/wp\/v2\/types\/page"}],"author":[{"embeddable":true,"href":"https:\/\/spicytunisiantours.com\/pl\/wp-json\/wp\/v2\/users\/1"}],"replies":[{"embeddable":true,"href":"https:\/\/spicytunisiantours.com\/pl\/wp-json\/wp\/v2\/comments?post=313"}],"version-history":[{"count":0,"href":"https:\/\/spicytunisiantours.com\/pl\/wp-json\/wp\/v2\/pages\/313\/revisions"}],"wp:attachment":[{"href":"https:\/\/spicytunisiantours.com\/pl\/wp-json\/wp\/v2\/media?parent=313"}],"curies":[{"name":"wp","href":"https:\/\/api.w.org\/{rel}","templated":true}]}}