{"id":11364,"date":"2025-06-27T15:41:20","date_gmt":"2025-06-27T13:41:20","guid":{"rendered":"https:\/\/spicytunisiantours.novprojet.com\/?page_id=11364"},"modified":"2025-11-10T13:47:10","modified_gmt":"2025-11-10T11:47:10","slug":"termes-et-conditions","status":"publish","type":"page","link":"https:\/\/spicytunisiantours.com\/ru\/termes-et-conditions\/","title":{"rendered":"\u0423\u0441\u043b\u043e\u0432\u0438\u044f \u0438 \u043f\u043e\u043b\u043e\u0436\u0435\u043d\u0438\u044f"},"content":{"rendered":"<div data-elementor-type=\"wp-page\" data-elementor-id=\"11364\" class=\"elementor elementor-11364\" data-elementor-post-type=\"page\">\n\t\t\t\t\t\t<section class=\"elementor-section elementor-top-section elementor-element elementor-element-6eefbed9 elementor-section-boxed elementor-section-height-default elementor-section-height-default\" data-id=\"6eefbed9\" data-element_type=\"section\">\n\t\t\t\t\t\t<div class=\"elementor-container elementor-column-gap-default\">\n\t\t\t\t\t<div class=\"elementor-column elementor-col-100 elementor-top-column elementor-element elementor-element-74b080c1\" data-id=\"74b080c1\" data-element_type=\"column\">\n\t\t\t<div class=\"elementor-widget-wrap elementor-element-populated\">\n\t\t\t\t\t\t<div class=\"elementor-element elementor-element-447f31ae elementor-widget elementor-widget-text-editor\" data-id=\"447f31ae\" data-element_type=\"widget\" data-widget_type=\"text-editor.default\">\n\t\t\t\t<div class=\"elementor-widget-container\">\n\t\t\t\t\t\t\t\t\t<h1 data-start=\"244\" data-end=\"269\">\u0423\u0441\u043b\u043e\u0432\u0438\u044f<\/h1>\n<p data-start=\"270\" data-end=\"311\"><strong data-start=\"270\" data-end=\"311\">\u041f\u043e\u0441\u043b\u0435\u0434\u043d\u0435\u0435 \u043e\u0431\u043d\u043e\u0432\u043b\u0435\u043d\u0438\u0435: 27.06.2025<\/strong><\/p>\n<p data-start=\"313\" data-end=\"582\" class=\"translation-block\">\u0414\u043e\u0431\u0440\u043e \u043f\u043e\u0436\u0430\u043b\u043e\u0432\u0430\u0442\u044c \u043d\u0430 \u0441\u0430\u0439\u0442 <strong>Spicy Tunisian Tours<\/strong>, \u0430\u0433\u0435\u043d\u0442\u0441\u0442\u0432\u0430, \u0441\u043f\u0435\u0446\u0438\u0430\u043b\u0438\u0437\u0438\u0440\u0443\u044e\u0449\u0435\u0433\u043e\u0441\u044f \u043d\u0430 \u043e\u0440\u0433\u0430\u043d\u0438\u0437\u0430\u0446\u0438\u0438 \u044d\u043a\u0441\u043a\u0443\u0440\u0441\u0438\u0439 \u0438 \u0442\u0443\u0440\u0438\u0441\u0442\u0438\u0447\u0435\u0441\u043a\u0438\u0445 \u0432\u043f\u0435\u0447\u0430\u0442\u043b\u0435\u043d\u0438\u0439 \u0432 \u0422\u0443\u043d\u0438\u0441\u0435. \u041f\u043e\u043b\u0443\u0447\u0430\u044f \u0434\u043e\u0441\u0442\u0443\u043f \u043a \u043d\u0430\u0448\u0435\u043c\u0443 \u0441\u0430\u0439\u0442\u0443 \u0438 \u0431\u0440\u043e\u043d\u0438\u0440\u0443\u044f \u043c\u0435\u0440\u043e\u043f\u0440\u0438\u044f\u0442\u0438\u0435 \u0447\u0435\u0440\u0435\u0437 \u043d\u0430\u0448\u0438 \u0443\u0441\u043b\u0443\u0433\u0438, \u0432\u044b \u0441\u043e\u0433\u043b\u0430\u0448\u0430\u0435\u0442\u0435\u0441\u044c \u0441 \u043f\u0440\u0438\u0432\u0435\u0434\u0451\u043d\u043d\u044b\u043c\u0438 \u043d\u0438\u0436\u0435 \u0443\u0441\u043b\u043e\u0432\u0438\u044f\u043c\u0438.<\/p>\n\n\n<hr data-start=\"584\" data-end=\"587\" \/>\n\n<h2 data-start=\"589\" data-end=\"619\">1. \u041f\u0440\u0435\u0434\u043e\u0441\u0442\u0430\u0432\u043b\u044f\u0435\u043c\u044b\u0435 \u0443\u0441\u043b\u0443\u0433\u0438<\/h2>\n<p data-start=\"621\" data-end=\"882\">Spicy Tunisian Tours \u0432\u044b\u0441\u0442\u0443\u043f\u0430\u0435\u0442 \u0432 \u043a\u0430\u0447\u0435\u0441\u0442\u0432\u0435 \u043e\u0440\u0433\u0430\u043d\u0438\u0437\u0430\u0442\u043e\u0440\u0430 \u0442\u0443\u0440\u0438\u0441\u0442\u0438\u0447\u0435\u0441\u043a\u0438\u0445 \u043c\u0435\u0440\u043e\u043f\u0440\u0438\u044f\u0442\u0438\u0439 \u0432 \u0441\u043e\u0442\u0440\u0443\u0434\u043d\u0438\u0447\u0435\u0441\u0442\u0432\u0435 \u0441 \u043d\u0435\u0441\u043a\u043e\u043b\u044c\u043a\u0438\u043c\u0438 \u043c\u0435\u0441\u0442\u043d\u044b\u043c\u0438 \u0442\u0443\u0440\u0438\u0441\u0442\u0438\u0447\u0435\u0441\u043a\u0438\u043c\u0438 \u0430\u0433\u0435\u043d\u0442\u0441\u0442\u0432\u0430\u043c\u0438. \u041d\u0430\u0448\u0438 \u043f\u0440\u0435\u0434\u043b\u043e\u0436\u0435\u043d\u0438\u044f \u0432\u043a\u043b\u044e\u0447\u0430\u044e\u0442, \u043d\u043e \u043d\u0435 \u043e\u0433\u0440\u0430\u043d\u0438\u0447\u0438\u0432\u0430\u044e\u0442\u0441\u044f, \u044d\u043a\u0441\u043a\u0443\u0440\u0441\u0438\u044f\u043c\u0438, \u043a\u0443\u043b\u044c\u0442\u0443\u0440\u043d\u044b\u043c\u0438 \u0442\u0443\u0440\u0430\u043c\u0438, \u0434\u043e\u0441\u0443\u0433\u043e\u0432\u044b\u043c\u0438 \u043c\u0435\u0440\u043e\u043f\u0440\u0438\u044f\u0442\u0438\u044f\u043c\u0438 \u0438 \u0442\u0443\u0440\u0438\u0441\u0442\u0438\u0447\u0435\u0441\u043a\u0438\u043c\u0438 \u0442\u0440\u0430\u043d\u0441\u0444\u0435\u0440\u0430\u043c\u0438.<\/p>\n<p data-start=\"884\" data-end=\"992\">\u0423\u0441\u043b\u0443\u0433\u0438 \u043c\u043e\u0433\u0443\u0442 \u043f\u0440\u0435\u0434\u043e\u0441\u0442\u0430\u0432\u043b\u044f\u0442\u044c\u0441\u044f \u043d\u0430\u043f\u0440\u044f\u043c\u0443\u044e \u043d\u0430\u043c\u0438 \u0438\u043b\u0438 \u043d\u0430\u0448\u0438\u043c\u0438 \u0442\u0449\u0430\u0442\u0435\u043b\u044c\u043d\u043e \u043e\u0442\u043e\u0431\u0440\u0430\u043d\u043d\u044b\u043c\u0438 \u043f\u0430\u0440\u0442\u043d\u0451\u0440\u0430\u043c\u0438.<\/p>\n\n\n<hr data-start=\"994\" data-end=\"997\" \/>\n\n<h2 data-start=\"999\" data-end=\"1029\">2. \u0411\u0440\u043e\u043d\u0438\u0440\u043e\u0432\u0430\u043d\u0438\u0435 \u0438 \u043e\u043f\u043b\u0430\u0442\u0430<\/h2>\n<ul data-start=\"1031\" data-end=\"1282\">\n \t<li data-start=\"1031\" data-end=\"1106\">\n<p data-start=\"1033\" data-end=\"1106\">\u0412\u0441\u0435 \u0431\u0440\u043e\u043d\u0438\u0440\u043e\u0432\u0430\u043d\u0438\u044f \u0434\u043e\u043b\u0436\u043d\u044b \u0431\u044b\u0442\u044c \u043f\u043e\u0434\u0442\u0432\u0435\u0440\u0436\u0434\u0435\u043d\u044b \u0447\u0435\u0440\u0435\u0437 \u043d\u0430\u0448 \u0441\u0430\u0439\u0442 \u0438\u043b\u0438 \u043e\u0434\u043d\u043e\u0433\u043e \u0438\u0437 \u043d\u0430\u0448\u0438\u0445 \u0430\u0433\u0435\u043d\u0442\u043e\u0432.<\/p>\n<\/li>\n \t<li data-start=\"1107\" data-end=\"1191\">\n<p data-start=\"1109\" data-end=\"1191\">\u0414\u043b\u044f \u0433\u0430\u0440\u0430\u043d\u0442\u0438\u0438 \u0431\u0440\u043e\u043d\u0438\u0440\u043e\u0432\u0430\u043d\u0438\u044f \u043c\u043e\u0436\u0435\u0442 \u043f\u043e\u0442\u0440\u0435\u0431\u043e\u0432\u0430\u0442\u044c\u0441\u044f \u043f\u043e\u043b\u043d\u0430\u044f \u0438\u043b\u0438 \u0447\u0430\u0441\u0442\u0438\u0447\u043d\u0430\u044f \u043e\u043f\u043b\u0430\u0442\u0430.<\/p>\n<\/li>\n \t<li data-start=\"1192\" data-end=\"1282\">\n<p data-start=\"1194\" data-end=\"1282\">\u041e\u0442\u043e\u0431\u0440\u0430\u0436\u0430\u0435\u043c\u044b\u0435 \u0446\u0435\u043d\u044b \u0443\u043a\u0430\u0437\u0430\u043d\u044b \u0432 \u0442\u0443\u043d\u0438\u0441\u0441\u043a\u0438\u0445 \u0434\u0438\u043d\u0430\u0440\u0430\u0445 (TND) \u0438\u043b\u0438 \u0435\u0432\u0440\u043e, \u0432 \u0437\u0430\u0432\u0438\u0441\u0438\u043c\u043e\u0441\u0442\u0438 \u043e\u0442 \u043f\u0440\u043e\u0438\u0441\u0445\u043e\u0436\u0434\u0435\u043d\u0438\u044f \u043a\u043b\u0438\u0435\u043d\u0442\u0430.<\/p>\n<\/li>\n<\/ul>\n\n<hr data-start=\"1284\" data-end=\"1287\" \/>\n\n<h2 data-start=\"1289\" data-end=\"1323\">3. \u041e\u0442\u043c\u0435\u043d\u0430 \u0438 \u0432\u043e\u0437\u0432\u0440\u0430\u0442 \u0441\u0440\u0435\u0434\u0441\u0442\u0432<\/h2>\n<ul data-start=\"1325\" data-end=\"1674\">\n \t<li data-start=\"1325\" data-end=\"1531\">\n<p data-start=\"1327\" data-end=\"1362\">\u0412 \u0441\u043b\u0443\u0447\u0430\u0435 \u043e\u0442\u043c\u0435\u043d\u044b \u043a\u043b\u0438\u0435\u043d\u0442\u043e\u043c:<\/p>\n\n<ul data-start=\"1365\" data-end=\"1531\">\n \t<li data-start=\"1365\" data-end=\"1419\">\n<p data-start=\"1367\" data-end=\"1419\">\u0411\u043e\u043b\u0435\u0435 \u0447\u0435\u043c \u0437\u0430 7 \u0434\u043d\u0435\u0439 \u0434\u043e \u0434\u0430\u0442\u044b: \u043f\u043e\u043b\u043d\u044b\u0439 \u0432\u043e\u0437\u0432\u0440\u0430\u0442 \u0441\u0440\u0435\u0434\u0441\u0442\u0432.<\/p>\n<\/li>\n \t<li data-start=\"1422\" data-end=\"1471\">\n<p data-start=\"1424\" data-end=\"1471\">\u041c\u0435\u043d\u0435\u0435 \u0447\u0435\u043c \u0437\u0430 7 \u0434\u043d\u0435\u0439 \u0434\u043e \u0434\u0430\u0442\u044b: \u0443\u0434\u0435\u0440\u0436\u0438\u0432\u0430\u0435\u0442\u0441\u044f 50% \u0441\u0442\u043e\u0438\u043c\u043e\u0441\u0442\u0438.<\/p>\n<\/li>\n \t<li data-start=\"1474\" data-end=\"1531\">\n<p data-start=\"1476\" data-end=\"1531\">\u041c\u0435\u043d\u0435\u0435 48 \u0447\u0430\u0441\u043e\u0432 \u0438\u043b\u0438 \u043d\u0435\u044f\u0432\u043a\u0430: \u0432\u043e\u0437\u0432\u0440\u0430\u0442 \u043d\u0435 \u043f\u0440\u043e\u0438\u0437\u0432\u043e\u0434\u0438\u0442\u0441\u044f.<\/p>\n<\/li>\n<\/ul>\n<\/li>\n \t<li data-start=\"1533\" data-end=\"1674\">\n<p data-start=\"1535\" data-end=\"1674\">\u0412 \u0441\u043b\u0443\u0447\u0430\u0435 \u043e\u0442\u043c\u0435\u043d\u044b \u0441\u043e \u0441\u0442\u043e\u0440\u043e\u043d\u044b Spicy Tunisian Tours (\u043f\u043e\u0433\u043e\u0434\u043d\u044b\u0435 \u0443\u0441\u043b\u043e\u0432\u0438\u044f, \u0444\u043e\u0440\u0441-\u043c\u0430\u0436\u043e\u0440 \u0438 \u0442. \u0434.) \u0431\u0443\u0434\u0435\u0442 \u043f\u0440\u0435\u0434\u043b\u043e\u0436\u0435\u043d\u0430 \u043f\u0435\u0440\u0435\u043d\u0430\u0437\u043d\u0430\u0447\u0435\u043d\u0438\u0435 \u0434\u0430\u0442\u044b \u0438\u043b\u0438 \u043f\u043e\u043b\u043d\u044b\u0439 \u0432\u043e\u0437\u0432\u0440\u0430\u0442 \u0441\u0440\u0435\u0434\u0441\u0442\u0432.<\/p>\n<\/li>\n<\/ul>\n\n<hr data-start=\"1676\" data-end=\"1679\" \/>\n\n<h2 data-start=\"1681\" data-end=\"1702\">4. \u041e\u0442\u0432\u0435\u0442\u0441\u0442\u0432\u0435\u043d\u043d\u043e\u0441\u0442\u044c<\/h2>\n<p data-start=\"1704\" data-end=\"1854\">Spicy Tunisian Tours \u043d\u0435 \u043d\u0435\u0441\u0435\u0442 \u043e\u0442\u0432\u0435\u0442\u0441\u0442\u0432\u0435\u043d\u043d\u043e\u0441\u0442\u0438 \u0437\u0430 \u0438\u043d\u0446\u0438\u0434\u0435\u043d\u0442\u044b, \u043f\u043e\u0442\u0435\u0440\u0438, \u0437\u0430\u0434\u0435\u0440\u0436\u043a\u0438 \u0438\u043b\u0438 \u0443\u0449\u0435\u0440\u0431, \u043f\u0440\u0438\u0447\u0438\u043d\u0435\u043d\u043d\u044b\u0435 \u0442\u0440\u0435\u0442\u044c\u0438\u043c\u0438 \u043b\u0438\u0446\u0430\u043c\u0438 \u0438\u043b\u0438 \u043f\u0430\u0440\u0442\u043d\u0435\u0440\u0430\u043c\u0438.<\/p>\n<p data-start=\"1856\" data-end=\"1954\">\u0423\u0447\u0430\u0441\u0442\u043d\u0438\u043a\u0438 \u043d\u0435\u0441\u0443\u0442 \u043e\u0442\u0432\u0435\u0442\u0441\u0442\u0432\u0435\u043d\u043d\u043e\u0441\u0442\u044c \u0437\u0430 \u0441\u043e\u0431\u0441\u0442\u0432\u0435\u043d\u043d\u0443\u044e \u0441\u0442\u0440\u0430\u0445\u043e\u0432\u043a\u0443 \u043f\u0443\u0442\u0435\u0448\u0435\u0441\u0442\u0432\u0438\u0439, \u0437\u0434\u043e\u0440\u043e\u0432\u044c\u0435 \u0438 \u043b\u0438\u0447\u043d\u0443\u044e \u0431\u0435\u0437\u043e\u043f\u0430\u0441\u043d\u043e\u0441\u0442\u044c.<\/p>\n\n\n<hr data-start=\"1956\" data-end=\"1959\" \/>\n\n<h2 data-start=\"1961\" data-end=\"1988\">5. \u041f\u0435\u0440\u0441\u043e\u043d\u0430\u043b\u044c\u043d\u044b\u0435 \u0434\u0430\u043d\u043d\u044b\u0435<\/h2>\n<p data-start=\"1990\" data-end=\"2207\">\u0414\u0430\u043d\u043d\u044b\u0435, \u0441\u043e\u0431\u0438\u0440\u0430\u0435\u043c\u044b\u0435 \u0447\u0435\u0440\u0435\u0437 \u043d\u0430\u0448 \u0441\u0430\u0439\u0442 (\u0444\u043e\u0440\u043c\u044b, \u0431\u0440\u043e\u043d\u0438\u0440\u043e\u0432\u0430\u043d\u0438\u044f \u0438 \u0442.\u0434.), \u043e\u0431\u0440\u0430\u0431\u0430\u0442\u044b\u0432\u0430\u044e\u0442\u0441\u044f \u043a\u043e\u043d\u0444\u0438\u0434\u0435\u043d\u0446\u0438\u0430\u043b\u044c\u043d\u043e. \u041e\u043d\u0438 \u0438\u0441\u043f\u043e\u043b\u044c\u0437\u0443\u044e\u0442\u0441\u044f \u0438\u0441\u043a\u043b\u044e\u0447\u0438\u0442\u0435\u043b\u044c\u043d\u043e \u0434\u043b\u044f \u043d\u0430\u0434\u043b\u0435\u0436\u0430\u0449\u0435\u0433\u043e \u043e\u043a\u0430\u0437\u0430\u043d\u0438\u044f \u0443\u0441\u043b\u0443\u0433 \u0438 \u043d\u0438\u043a\u043e\u0433\u0434\u0430 \u043d\u0435 \u043f\u0440\u043e\u0434\u0430\u044e\u0442\u0441\u044f \u0442\u0440\u0435\u0442\u044c\u0438\u043c \u043b\u0438\u0446\u0430\u043c.<\/p>\n\n\n<hr data-start=\"2209\" data-end=\"2212\" \/>\n\n<h2 data-start=\"2214\" data-end=\"2245\">6. \u0418\u043d\u0442\u0435\u043b\u043b\u0435\u043a\u0442\u0443\u0430\u043b\u044c\u043d\u0430\u044f \u0441\u043e\u0431\u0441\u0442\u0432\u0435\u043d\u043d\u043e\u0441\u0442\u044c<\/h2>\n<p data-start=\"2247\" data-end=\"2415\">\u0412\u0435\u0441\u044c \u043a\u043e\u043d\u0442\u0435\u043d\u0442 \u043d\u0430 \u044d\u0442\u043e\u043c \u0441\u0430\u0439\u0442\u0435 (\u0442\u0435\u043a\u0441\u0442\u044b, \u0438\u0437\u043e\u0431\u0440\u0430\u0436\u0435\u043d\u0438\u044f, \u043b\u043e\u0433\u043e\u0442\u0438\u043f\u044b \u0438 \u0442.\u0434.) \u044f\u0432\u043b\u044f\u0435\u0442\u0441\u044f \u0441\u043e\u0431\u0441\u0442\u0432\u0435\u043d\u043d\u043e\u0441\u0442\u044c\u044e Spicy Tunisian Tours \u0438 \u043d\u0435 \u043c\u043e\u0436\u0435\u0442 \u0431\u044b\u0442\u044c \u0432\u043e\u0441\u043f\u0440\u043e\u0438\u0437\u0432\u0435\u0434\u0435\u043d \u0431\u0435\u0437 \u043f\u0440\u0435\u0434\u0432\u0430\u0440\u0438\u0442\u0435\u043b\u044c\u043d\u043e\u0433\u043e \u0440\u0430\u0437\u0440\u0435\u0448\u0435\u043d\u0438\u044f.<\/p>\n\n\n<hr data-start=\"2417\" data-end=\"2420\" \/>\n\n<h2 data-start=\"2422\" data-end=\"2445\">7. \u041f\u0440\u0438\u043c\u0435\u043d\u0438\u043c\u043e\u0435 \u043f\u0440\u0430\u0432\u043e<\/h2>\n<p data-start=\"2447\" data-end=\"2616\">\u041d\u0430\u0441\u0442\u043e\u044f\u0449\u0438\u0435 \u0443\u0441\u043b\u043e\u0432\u0438\u044f \u0440\u0435\u0433\u0443\u043b\u0438\u0440\u0443\u044e\u0442\u0441\u044f \u0437\u0430\u043a\u043e\u043d\u043e\u0434\u0430\u0442\u0435\u043b\u044c\u0441\u0442\u0432\u043e\u043c \u0422\u0443\u043d\u0438\u0441\u0430. \u041b\u044e\u0431\u043e\u0439 \u0441\u043f\u043e\u0440, \u0441\u0432\u044f\u0437\u0430\u043d\u043d\u044b\u0439 \u0441 \u0438\u0445 \u0442\u043e\u043b\u043a\u043e\u0432\u0430\u043d\u0438\u0435\u043c \u0438\u043b\u0438 \u0438\u0441\u043f\u043e\u043b\u043d\u0435\u043d\u0438\u0435\u043c, \u0431\u0443\u0434\u0435\u0442 \u0440\u0430\u0441\u0441\u043c\u0430\u0442\u0440\u0438\u0432\u0430\u0442\u044c\u0441\u044f \u0441\u0443\u0434\u0430\u043c\u0438 \u0422\u0443\u043d\u0438\u0441\u0430.<\/p>\n\n<h2 data-start=\"2422\" data-end=\"2445\">8. Design and Development<\/h2>\n<p data-start=\"2447\" data-end=\"2616\">\n  <a title=\"Web Agency in Tunis\" href=\"https:\/\/www.novatis.tn\" target=\"_blank\" rel=\"noopener noreferrer\">\n    <strong>Web Agency in Tunis \u2013 Novatis<\/strong>\n  <\/a>\n<\/p>\n\t\t\t\t\t\t\t\t<\/div>\n\t\t\t\t<\/div>\n\t\t\t\t\t<\/div>\n\t\t<\/div>\n\t\t\t\t\t<\/div>\n\t\t<\/section>\n\t\t\t\t<\/div>","protected":false},"excerpt":{"rendered":"<p>Termes et Conditions Derni\u00e8re mise \u00e0 jour : 27\/06\/2025 Bienvenue sur le site de Spicy Tunisian Tours, une agence sp\u00e9cialis\u00e9e dans l\u2019organisation d\u2019excursions et d\u2019exp\u00e9riences touristiques en Tunisie. En acc\u00e9dant \u00e0 notre site et en r\u00e9servant une activit\u00e9 via nos services, vous acceptez les termes et conditions suivants. 1. Prestations de services Spicy Tunisian Tours [&hellip;]<\/p>","protected":false},"author":1,"featured_media":0,"parent":0,"menu_order":0,"comment_status":"closed","ping_status":"closed","template":"","meta":{"footnotes":""},"class_list":["post-11364","page","type-page","status-publish","has-post-thumbnail","hentry"],"_links":{"self":[{"href":"https:\/\/spicytunisiantours.com\/ru\/wp-json\/wp\/v2\/pages\/11364","targetHints":{"allow":["GET"]}}],"collection":[{"href":"https:\/\/spicytunisiantours.com\/ru\/wp-json\/wp\/v2\/pages"}],"about":[{"href":"https:\/\/spicytunisiantours.com\/ru\/wp-json\/wp\/v2\/types\/page"}],"author":[{"embeddable":true,"href":"https:\/\/spicytunisiantours.com\/ru\/wp-json\/wp\/v2\/users\/1"}],"replies":[{"embeddable":true,"href":"https:\/\/spicytunisiantours.com\/ru\/wp-json\/wp\/v2\/comments?post=11364"}],"version-history":[{"count":0,"href":"https:\/\/spicytunisiantours.com\/ru\/wp-json\/wp\/v2\/pages\/11364\/revisions"}],"wp:attachment":[{"href":"https:\/\/spicytunisiantours.com\/ru\/wp-json\/wp\/v2\/media?parent=11364"}],"curies":[{"name":"wp","href":"https:\/\/api.w.org\/{rel}","templated":true}]}}