{"id":11385,"date":"2025-06-27T16:03:12","date_gmt":"2025-06-27T14:03:12","guid":{"rendered":"https:\/\/spicytunisiantours.novprojet.com\/?page_id=11385"},"modified":"2025-08-01T10:03:47","modified_gmt":"2025-08-01T08:03:47","slug":"taux-de-change","status":"publish","type":"page","link":"https:\/\/spicytunisiantours.com\/ru\/taux-de-change\/","title":{"rendered":"\u041e\u0431\u043c\u0435\u043d\u043d\u044b\u0439 \u043a\u0443\u0440\u0441"},"content":{"rendered":"<h1 data-start=\"183\" data-end=\"202\">\u041e\u0431\u043c\u0435\u043d\u043d\u044b\u0439 \u043a\u0443\u0440\u0441<\/h1>\n<p data-start=\"203\" data-end=\"244\"><strong data-start=\"203\" data-end=\"244\">\u041f\u043e\u0434\u0433\u043e\u0442\u043e\u0432\u044c\u0442\u0435 \u0441\u0432\u043e\u0439 \u0431\u044e\u0434\u0436\u0435\u0442 \u0434\u043b\u044f \u0422\u0443\u043d\u0438\u0441\u0430<\/strong><\/p>\n<p data-start=\"246\" data-end=\"422\" class=\"translation-block\">\u0412\u043e \u0432\u0440\u0435\u043c\u044f \u043f\u043e\u0435\u0437\u0434\u043a\u0438 \u0432 \u0422\u0443\u043d\u0438\u0441 \u0432\u0430\u0436\u043d\u043e \u0437\u043d\u0430\u0442\u044c \u043e\u0431\u043c\u0435\u043d\u043d\u044b\u0435 \u043a\u0443\u0440\u0441\u044b, \u0447\u0442\u043e\u0431\u044b \u043b\u0443\u0447\u0448\u0435 \u0443\u043f\u0440\u0430\u0432\u043b\u044f\u0442\u044c \u0441\u0432\u043e\u0438\u043c\u0438 \u0440\u0430\u0441\u0445\u043e\u0434\u0430\u043c\u0438 \u043d\u0430 \u043c\u0435\u0441\u0442\u0435. \u041c\u0435\u0441\u0442\u043d\u0430\u044f \u0432\u0430\u043b\u044e\u0442\u0430 \u2014 \u044d\u0442\u043e <strong>\u0442\u0443\u043d\u0438\u0441\u0441\u043a\u0438\u0439 \u0434\u0438\u043d\u0430\u0440 (TND)<\/strong>.<\/p>\n<hr data-start=\"424\" data-end=\"427\" \/>\n<h2 data-start=\"429\" data-end=\"450\">\ud83d\udcb1 \u041c\u0435\u0441\u0442\u043d\u0430\u044f \u0432\u0430\u043b\u044e\u0442\u0430<\/h2>\n<ul data-start=\"452\" data-end=\"640\">\n<li data-start=\"452\" data-end=\"480\">\n<p data-start=\"454\" data-end=\"480\" class=\"translation-block\"><strong>\u041d\u0430\u0437\u0432\u0430\u043d\u0438\u0435<\/strong>: \u0422\u0443\u043d\u0438\u0441\u0441\u043a\u0438\u0439 \u0434\u0438\u043d\u0430\u0440<\/p>\n<\/li>\n<li data-start=\"481\" data-end=\"509\">\n<p data-start=\"483\" data-end=\"509\" class=\"translation-block\"><strong>\u0421\u0438\u043c\u0432\u043e\u043b<\/strong>: \u062f.\u062a \u0438\u043b\u0438 TND<\/p>\n<\/li>\n<li data-start=\"510\" data-end=\"549\">\n<p data-start=\"512\" data-end=\"549\" class=\"translation-block\"><strong>\u0415\u0434\u0438\u043d\u0438\u0446\u0430<\/strong>: 1 \u0434\u0438\u043d\u0430\u0440 = 1000 \u043c\u0438\u043b\u043b\u0438\u043c\u043e\u0432<\/p>\n<\/li>\n<li data-start=\"550\" data-end=\"606\">\n<p data-start=\"552\" data-end=\"606\">\u041c\u043e\u043d\u0435\u0442\u044b: 100, 200, 500 \u043c\u0438\u043b\u043b\u0438\u043c\u043e\u0432 \/ 1, 2, 5 \u0434\u0438\u043d\u0430\u0440\u043e\u0432<\/p>\n<\/li>\n<li data-start=\"607\" data-end=\"640\">\n<p data-start=\"609\" data-end=\"640\">\u0411\u0430\u043d\u043a\u043d\u043e\u0442\u044b: 10, 20, 50 \u0434\u0438\u043d\u0430\u0440\u043e\u0432<\/p>\n<\/li>\n<\/ul>\n<hr data-start=\"642\" data-end=\"645\" \/>\n<h2 data-start=\"647\" data-end=\"688\">\ud83d\udcb6 \u041e\u0431\u043c\u0435\u043d\u043d\u044b\u0439 \u043a\u0443\u0440\u0441 (\u0434\u043b\u044f \u0441\u043f\u0440\u0430\u0432\u043a\u0438)<\/h2>\n<p data-start=\"690\" data-end=\"802\">\u0412\u043e\u0442 \u043e\u0446\u0435\u043d\u043a\u0430 \u0442\u0435\u043a\u0443\u0449\u0438\u0445 \u043e\u0431\u043c\u0435\u043d\u043d\u044b\u0445 \u043a\u0443\u0440\u0441\u043e\u0432 (\u043f\u0440\u0438\u0431\u043b\u0438\u0437\u0438\u0442\u0435\u043b\u044c\u043d\u044b\u0435 \u0437\u043d\u0430\u0447\u0435\u043d\u0438\u044f \u2013 \u0443\u0442\u043e\u0447\u043d\u0438\u0442\u0435 \u0432 \u0434\u0435\u043d\u044c \u043e\u0442\u043f\u0440\u0430\u0432\u043b\u0435\u043d\u0438\u044f):<\/p>\n<div class=\"_tableContainer_16hzy_1\">\n<div class=\"_tableWrapper_16hzy_14 group flex w-fit flex-col-reverse\" tabindex=\"-1\">\n<table class=\"w-fit min-w-(--thread-content-width)\" data-start=\"804\" data-end=\"1019\">\n<thead data-start=\"804\" data-end=\"839\">\n<tr data-start=\"804\" data-end=\"839\">\n<th data-start=\"804\" data-end=\"813\" data-col-size=\"sm\" style=\"    padding-right: 5px;\">\u0412\u0430\u043b\u044e\u0442\u0430 <\/th>\n<th data-start=\"813\" data-end=\"839\" data-col-size=\"sm\">\u043f\u0440\u0438\u0431\u043b\u0438\u0437\u0438\u0442\u0435\u043b\u044c\u043d\u043e\u0435 \u0437\u043d\u0430\u0447\u0435\u043d\u0438\u0435<\/th>\n<\/tr>\n<\/thead>\n<tbody data-start=\"876\" data-end=\"1019\">\n<tr data-start=\"876\" data-end=\"911\">\n<td data-start=\"876\" data-end=\"885\" data-col-size=\"sm\">1 EUR<\/td>\n<td data-col-size=\"sm\" data-start=\"885\" data-end=\"911\">\u2248 3.30 TND<\/td>\n<\/tr>\n<tr data-start=\"912\" data-end=\"947\">\n<td data-start=\"912\" data-end=\"921\" data-col-size=\"sm\">1 USD<\/td>\n<td data-col-size=\"sm\" data-start=\"921\" data-end=\"947\">\u2248 3.00 TND<\/td>\n<\/tr>\n<tr data-start=\"948\" data-end=\"983\">\n<td data-start=\"948\" data-end=\"957\" data-col-size=\"sm\">1 GBP<\/td>\n<td data-col-size=\"sm\" data-start=\"957\" data-end=\"983\">\u2248 3.90 TND<\/td>\n<\/tr>\n<tr data-start=\"984\" data-end=\"1019\">\n<td data-start=\"984\" data-end=\"993\" data-col-size=\"sm\">1 CAD<\/td>\n<td data-col-size=\"sm\" data-start=\"993\" data-end=\"1019\">\u2248 2.20 TND<\/td>\n<\/tr>\n<\/tbody>\n<\/table>\n<div class=\"sticky end-(--thread-content-margin) h-0 self-end select-none\">\n<div class=\"absolute end-0 flex items-end\"><\/div>\n<\/div>\n<\/div>\n<\/div>\n<p data-start=\"1021\" data-end=\"1268\">\ud83d\udccc <strong data-start=\"1024\" data-end=\"1036\">Remarque<\/strong> : Les taux varient quotidiennement. Pour une conversion pr\u00e9cise, nous vous recommandons de consulter le site officiel de la <strong data-start=\"1161\" data-end=\"1191\">Banque Centrale de Tunisie<\/strong> ou d\u2019utiliser un convertisseur en ligne fiable comme <strong data-start=\"1245\" data-end=\"1255\">XE.com<\/strong> ou <strong data-start=\"1259\" data-end=\"1267\">Wise<\/strong>.<\/p>\n<hr data-start=\"1270\" data-end=\"1273\" \/>\n<h2 data-start=\"1275\" data-end=\"1308\">\ud83c\udfe6 \u041e\u0431\u043c\u0435\u043d \u0438 \u0441\u043d\u044f\u0442\u0438\u0435 \u043d\u0430\u043b\u0438\u0447\u043d\u044b\u0445 \u043d\u0430 \u043c\u0435\u0441\u0442\u0435<\/h2>\n<ul data-start=\"1310\" data-end=\"1651\">\n<li data-start=\"1310\" data-end=\"1416\">\n<p data-start=\"1312\" data-end=\"1416\" class=\"translation-block\">\u0412\u044b \u043c\u043e\u0436\u0435\u0442\u0435 <strong>\u043e\u0431\u043c\u0435\u043d\u044f\u0442\u044c \u0432\u0430\u043b\u044e\u0442\u0443<\/strong> \u0432 \u0430\u044d\u0440\u043e\u043f\u043e\u0440\u0442\u0443, \u0431\u0430\u043d\u043a\u0430\u0445, \u043e\u0431\u043c\u0435\u043d\u043d\u044b\u0445 \u043f\u0443\u043d\u043a\u0442\u0430\u0445 \u0438\u043b\u0438 \u0432 \u043e\u0444\u0438\u0446\u0438\u0430\u043b\u044c\u043d\u044b\u0445 \u0433\u043e\u0441\u0442\u0438\u043d\u0438\u0446\u0430\u0445.<\/p>\n<\/li>\n<li data-start=\"1417\" data-end=\"1542\">\n<p data-start=\"1419\" data-end=\"1542\" class=\"translation-block\"><strong>\u0421\u043d\u044f\u0442\u0438\u0435 \u043d\u0430\u043b\u0438\u0447\u043d\u044b\u0445 \u0432 \u0434\u0438\u043d\u0430\u0440\u0430\u0445<\/strong> \u0432\u043e\u0437\u043c\u043e\u0436\u043d\u043e \u0432 \u0431\u0430\u043d\u043a\u043e\u043c\u0430\u0442\u0430\u0445, \u0434\u043e\u0441\u0442\u0443\u043f\u043d\u044b\u0445 \u0432\u043e \u0432\u0441\u0435\u0445 \u043a\u0440\u0443\u043f\u043d\u044b\u0445 \u0433\u043e\u0440\u043e\u0434\u0430\u0445.<\/p>\n<\/li>\n<li data-start=\"1543\" data-end=\"1651\">\n<p data-start=\"1545\" data-end=\"1651\" class=\"translation-block\"><strong>\u041c\u0435\u0436\u0434\u0443\u043d\u0430\u0440\u043e\u0434\u043d\u044b\u0435 \u0431\u0430\u043d\u043a\u043e\u0432\u0441\u043a\u0438\u0435 \u043a\u0430\u0440\u0442\u044b<\/strong> \u043f\u0440\u0438\u043d\u0438\u043c\u0430\u044e\u0442\u0441\u044f \u0432\u043e \u043c\u043d\u043e\u0433\u0438\u0445 \u043e\u0442\u0435\u043b\u044f\u0445, \u0440\u0435\u0441\u0442\u043e\u0440\u0430\u043d\u0430\u0445 \u0438 \u043c\u0430\u0433\u0430\u0437\u0438\u043d\u0430\u0445.<\/p>\n<\/li>\n<\/ul>\n<hr data-start=\"1653\" data-end=\"1656\" \/>\n<h2 data-start=\"1658\" data-end=\"1700\">\ud83d\udeab <strong>\u0418\u043c\u043f\u043e\u0440\u0442 \/ \u044d\u043a\u0441\u043f\u043e\u0440\u0442 \u0434\u0438\u043d\u0430\u0440\u043e\u0432<\/strong><\/h2>\n<p data-start=\"1702\" data-end=\"1906\" class=\"translation-block\"><strong>\u0417\u0430\u043f\u0440\u0435\u0449\u0435\u043d\u043e \u0432\u0432\u043e\u0437\u0438\u0442\u044c \u0438\u043b\u0438 \u0432\u044b\u0432\u043e\u0437\u0438\u0442\u044c \u0442\u0443\u043d\u0438\u0441\u0441\u043a\u0438\u0435 \u0434\u0438\u043d\u0430\u0440\u044b<\/strong>. \u0412\u044b \u0434\u043e\u043b\u0436\u043d\u044b <strong>\u043e\u0431\u043c\u0435\u043d\u044f\u0442\u044c \u0432\u0430\u043b\u044e\u0442\u0443 \u043f\u0440\u0438 \u0432\u044a\u0435\u0437\u0434\u0435 \u0438 \u043a\u043e\u043d\u0432\u0435\u0440\u0442\u0438\u0440\u043e\u0432\u0430\u0442\u044c \u043e\u0441\u0442\u0430\u0442\u043e\u043a \u043f\u0435\u0440\u0435\u0434 \u0432\u044b\u0435\u0437\u0434\u043e\u043c \u0438\u0437 \u0441\u0442\u0440\u0430\u043d\u044b<\/strong>, \u043f\u0440\u0435\u0434\u044a\u044f\u0432\u0438\u0432 \u043e\u0440\u0438\u0433\u0438\u043d\u0430\u043b \u043a\u0432\u0438\u0442\u0430\u043d\u0446\u0438\u0438 \u043e\u0431 \u043e\u0431\u043c\u0435\u043d\u0435.<\/p>\n<hr data-start=\"1908\" data-end=\"1911\" \/>\n<p data-start=\"1913\" data-end=\"2044\">\ud83d\udce9 \u041f\u043e \u043b\u044e\u0431\u044b\u043c \u0432\u043e\u043f\u0440\u043e\u0441\u0430\u043c, \u0441\u0432\u044f\u0437\u0430\u043d\u043d\u044b\u043c \u0441 \u043f\u043b\u0430\u0442\u0435\u0436\u0430\u043c\u0438 \u0438\u043b\u0438 \u0432\u0430\u043b\u044e\u0442\u0430\u043c\u0438 \u0432 \u0422\u0443\u043d\u0438\u0441\u0435, \u043d\u0430\u0448\u0430 \u043a\u043e\u043c\u0430\u043d\u0434\u0430 \u0433\u043e\u0442\u043e\u0432\u0430 \u043f\u043e\u043c\u043e\u0447\u044c \u0432\u0430\u043c \u0434\u043e \u0438 \u0432\u043e \u0432\u0440\u0435\u043c\u044f \u0432\u0430\u0448\u0435\u0433\u043e \u043f\u0440\u0435\u0431\u044b\u0432\u0430\u043d\u0438\u044f.<\/p>","protected":false},"excerpt":{"rendered":"<p>Taux de Change Pr\u00e9parez votre budget pour la Tunisie Lorsque vous voyagez en Tunisie, il est important de conna\u00eetre les taux de change afin de mieux g\u00e9rer vos d\u00e9penses sur place. La monnaie locale est le dinar tunisien (TND). \ud83d\udcb1 Monnaie locale Nom : Dinar tunisien Symbole : \u062f.\u062a ou TND Unit\u00e9 : 1 dinar [&hellip;]<\/p>","protected":false},"author":1,"featured_media":0,"parent":0,"menu_order":0,"comment_status":"closed","ping_status":"closed","template":"template-blank.php","meta":{"footnotes":""},"class_list":["post-11385","page","type-page","status-publish","has-post-thumbnail","hentry"],"_links":{"self":[{"href":"https:\/\/spicytunisiantours.com\/ru\/wp-json\/wp\/v2\/pages\/11385","targetHints":{"allow":["GET"]}}],"collection":[{"href":"https:\/\/spicytunisiantours.com\/ru\/wp-json\/wp\/v2\/pages"}],"about":[{"href":"https:\/\/spicytunisiantours.com\/ru\/wp-json\/wp\/v2\/types\/page"}],"author":[{"embeddable":true,"href":"https:\/\/spicytunisiantours.com\/ru\/wp-json\/wp\/v2\/users\/1"}],"replies":[{"embeddable":true,"href":"https:\/\/spicytunisiantours.com\/ru\/wp-json\/wp\/v2\/comments?post=11385"}],"version-history":[{"count":0,"href":"https:\/\/spicytunisiantours.com\/ru\/wp-json\/wp\/v2\/pages\/11385\/revisions"}],"wp:attachment":[{"href":"https:\/\/spicytunisiantours.com\/ru\/wp-json\/wp\/v2\/media?parent=11385"}],"curies":[{"name":"wp","href":"https:\/\/api.w.org\/{rel}","templated":true}]}}